{"id":259,"date":"2018-07-25T20:45:35","date_gmt":"2018-07-25T20:45:35","guid":{"rendered":"https:\/\/www.anglicananobrasil.com\/on\/?page_id=259"},"modified":"2018-07-25T21:21:17","modified_gmt":"2018-07-25T21:21:17","slug":"loc-livro-de-oracao-comum","status":"publish","type":"page","link":"https:\/\/www.anglicananobrasil.com\/on\/loc-livro-de-oracao-comum\/","title":{"rendered":"LOC &#8211; LIVRO DE ORA\u00c7\u00c3O COMUM"},"content":{"rendered":"<p>[et_pb_section fb_built=&#8221;1&#8243; fullwidth=&#8221;on&#8221; _builder_version=&#8221;3.10.1&#8243; custom_padding=&#8221;0|0px|18px|0px|false|false&#8221; bottom_divider_style=&#8221;mountains2&#8243; bottom_divider_color=&#8221;#ffffff&#8221;][et_pb_fullwidth_image src=&#8221;https:\/\/www.anglicananobrasil.com\/on\/wp-content\/uploads\/2018\/07\/LIVRO-DE-ORA\u00c7\u00c3O-COMUM.png&#8221; _builder_version=&#8221;3.10.1&#8243; background_color=&#8221;#D2C4AD&#8221; custom_padding=&#8221;0px||0px||true&#8221;][\/et_pb_fullwidth_image][\/et_pb_section][et_pb_section fb_built=&#8221;1&#8243; _builder_version=&#8221;3.10.1&#8243; custom_padding=&#8221;54px|0px|162px|0px|false|false&#8221; bottom_divider_style=&#8221;wave2&#8243; bottom_divider_color=&#8221;#D2C4AD&#8221;][et_pb_row _builder_version=&#8221;3.10.1&#8243;][et_pb_column type=&#8221;1_2&#8243; _builder_version=&#8221;3.10.1&#8243; parallax=&#8221;off&#8221; parallax_method=&#8221;on&#8221;][et_pb_text _builder_version=&#8221;3.10.1&#8243;]<\/p>\n<h1 style=\"text-align: center;\"><strong>O LIVRO DE ORA\u00c7\u00c3O COMUM BRASILEIRO<\/strong><\/h1>\n<p style=\"text-align: justify;\"><strong>\u00c9 herdeiro de uma rica tradi\u00e7\u00e3o da Reforma Inglesa do s\u00e9culo dezesseis, particularmente do g\u00eanio do Arcebispo de Cantu\u00e1ria Thomas Cranmer, com edi\u00e7\u00f5es em 1549 e 1552. A edi\u00e7\u00e3o revisada de 1662 se tornou um padr\u00e3o lit\u00fargico e doutrin\u00e1rio (\u201clex orandi; lex credendi\u201d), com o qual se identifica esse volume, al\u00e9m de subs\u00eddios oriundos de outras Prov\u00edncias da Comunh\u00e3o Anglicana.<\/strong><\/p>\n<p><strong>Para baixar a edi\u00e7\u00e3o digital completa, clique no bot\u00e3o abaixo:<\/strong><\/p>\n<p>[\/et_pb_text][et_pb_button button_url=&#8221;https:\/\/drive.google.com\/open?id=1DCnfK0gbm6zw1vy94tK26OdwoKIThFPQ&#8221; url_new_window=&#8221;on&#8221; button_text=&#8221;DOWNLOAD&#8221; button_alignment=&#8221;center&#8221; _builder_version=&#8221;3.10.1&#8243; custom_button=&#8221;on&#8221; button_text_size=&#8221;13px&#8221; button_text_color=&#8221;#a5906d&#8221; button_border_width=&#8221;3px&#8221; button_font=&#8221;||||||||&#8221;][\/et_pb_button][\/et_pb_column][et_pb_column type=&#8221;1_2&#8243; _builder_version=&#8221;3.10.1&#8243; parallax=&#8221;off&#8221; parallax_method=&#8221;on&#8221;][et_pb_image src=&#8221;https:\/\/www.anglicananobrasil.com\/on\/wp-content\/uploads\/2018\/07\/gview_002.png&#8221; align=&#8221;center&#8221; _builder_version=&#8221;3.10.1&#8243; box_shadow_style=&#8221;preset3&#8243;][\/et_pb_image][\/et_pb_column][\/et_pb_row][\/et_pb_section]<\/p>\n","protected":false},"excerpt":{"rendered":"<p>O LIVRO DE ORA\u00c7\u00c3O COMUM BRASILEIRO \u00c9 herdeiro de uma rica tradi\u00e7\u00e3o da Reforma Inglesa do s\u00e9culo dezesseis, particularmente do g\u00eanio do Arcebispo de Cantu\u00e1ria Thomas Cranmer, com edi\u00e7\u00f5es em 1549 e 1552. A edi\u00e7\u00e3o revisada de 1662 se tornou um padr\u00e3o lit\u00fargico e doutrin\u00e1rio (\u201clex orandi; lex credendi\u201d), com o qual se identifica esse [&hellip;]<\/p>\n","protected":false},"author":1,"featured_media":0,"parent":0,"menu_order":0,"comment_status":"closed","ping_status":"closed","template":"","meta":{"_et_pb_use_builder":"on","_et_pb_old_content":"","_et_gb_content_width":"","footnotes":""},"class_list":["post-259","page","type-page","status-publish","hentry"],"_links":{"self":[{"href":"https:\/\/www.anglicananobrasil.com\/on\/wp-json\/wp\/v2\/pages\/259","targetHints":{"allow":["GET"]}}],"collection":[{"href":"https:\/\/www.anglicananobrasil.com\/on\/wp-json\/wp\/v2\/pages"}],"about":[{"href":"https:\/\/www.anglicananobrasil.com\/on\/wp-json\/wp\/v2\/types\/page"}],"author":[{"embeddable":true,"href":"https:\/\/www.anglicananobrasil.com\/on\/wp-json\/wp\/v2\/users\/1"}],"replies":[{"embeddable":true,"href":"https:\/\/www.anglicananobrasil.com\/on\/wp-json\/wp\/v2\/comments?post=259"}],"version-history":[{"count":0,"href":"https:\/\/www.anglicananobrasil.com\/on\/wp-json\/wp\/v2\/pages\/259\/revisions"}],"wp:attachment":[{"href":"https:\/\/www.anglicananobrasil.com\/on\/wp-json\/wp\/v2\/media?parent=259"}],"curies":[{"name":"wp","href":"https:\/\/api.w.org\/{rel}","templated":true}]}}