{"id":218,"date":"2018-07-25T17:44:44","date_gmt":"2018-07-25T17:44:44","guid":{"rendered":"https:\/\/www.anglicananobrasil.com\/on\/?page_id=218"},"modified":"2019-02-22T19:44:57","modified_gmt":"2019-02-22T19:44:57","slug":"primaz","status":"publish","type":"page","link":"https:\/\/www.anglicananobrasil.com\/on\/primaz\/","title":{"rendered":"PRIMAZ"},"content":{"rendered":"<p>[et_pb_section fb_built=&#8221;1&#8243; next_background_color=&#8221;#ffffff&#8221; _builder_version=&#8221;3.10.1&#8243; background_color=&#8221;#8300e9&#8243; background_image=&#8221;https:\/\/www.anglicananobrasil.com\/on\/wp-content\/uploads\/2018\/07\/37349453_1019374181555625_8060086110442749952_o.jpg&#8221; background_blend=&#8221;darken&#8221; custom_padding=&#8221;365px|0px|347px|0px|false|false&#8221; bottom_divider_style=&#8221;asymmetric2&#8243;][et_pb_row _builder_version=&#8221;3.10.1&#8243;][et_pb_column type=&#8221;1_2&#8243; _builder_version=&#8221;3.10.1&#8243;][\/et_pb_column][et_pb_column type=&#8221;1_2&#8243; _builder_version=&#8221;3.10.1&#8243;][et_pb_text _builder_version=&#8221;3.10.1&#8243;]<\/p>\n<h1><span style=\"font-size: 50px;\"><strong><span style=\"color: #ffffff;\">Bispo Miguel Uchoa<\/span><\/strong><\/span><\/h1>\n<p><span style=\"font-size: x-large;\"><strong><span style=\"color: #ffffff;\">Primaz da Igreja Anglicana no Brasil<\/span><\/strong><\/span><\/p>\n<p>[\/et_pb_text][\/et_pb_column][\/et_pb_row][\/et_pb_section][et_pb_section fb_built=&#8221;1&#8243; _builder_version=&#8221;3.10.1&#8243;][et_pb_row _builder_version=&#8221;3.10.1&#8243;][et_pb_column type=&#8221;1_2&#8243; _builder_version=&#8221;3.10.1&#8243;][et_pb_image src=&#8221;https:\/\/www.anglicananobrasil.com\/on\/wp-content\/uploads\/2018\/07\/32332155_967043750122002_5406925468416868352_o.jpg&#8221; _builder_version=&#8221;3.10.1&#8243;][\/et_pb_image][\/et_pb_column][et_pb_column type=&#8221;1_2&#8243; _builder_version=&#8221;3.10.1&#8243;][et_pb_text _builder_version=&#8221;3.10.1&#8243;]<\/p>\n<h1 style=\"text-align: center;\"><span style=\"font-size: xx-large;\"><strong>Bispo Miguel Uchoa<\/strong><\/span><\/h1>\n<p><span style=\"font-size: xx-large;\"><strong><\/strong><\/span><\/p>\n<p>[\/et_pb_text][et_pb_text _builder_version=&#8221;3.10.1&#8243;]<\/p>\n<p style=\"text-align: justify;\">Miguel Uchoa conheceu a Jesus Cristo aos 23 anos na Igreja Anglicana e atrav\u00e9s do esfor\u00e7o mission\u00e1rio da ABU-Brasil. Formou-se em Engenharia de Pesca e \u00e9 graduado e p\u00f3s-graduado em Teologia. Tem cursos de especializa\u00e7\u00e3o no Brasil e no Exterior. \u00c9 pai de Gabriel e Matheus. Val\u00e9ria Uchoa, sua companheira e esposa partiu para o Senhor no ano de 2018. \u00c9 fundador da PAES (Par\u00f3quia Anglicana Esp\u00edrito Santo) em 1996 que hoje \u00e9 a maior e mais atuante igreja anglicana da Am\u00e9rica Latina e que hoje \u00e9 a catedral nacional e diocesana da Prov\u00edncia da Igreja Anglicana no Brasil e da Diocese de Recife. O Bispo Miguel Uchoa \u00e9 um formador de l\u00edderes e plantador de igrejas e \u00e9 hoje\u00a0 o Bispo Diocesano da Igreja Anglicana no Brasil \u2013 Diocese de Recife e Bispo Primaz da Igreja Anglicana no Brasil.<\/p>\n<p>[\/et_pb_text][\/et_pb_column][\/et_pb_row][et_pb_row _builder_version=&#8221;3.19.17&#8243;][et_pb_column type=&#8221;1_2&#8243; _builder_version=&#8221;3.19.17&#8243;][et_pb_text _builder_version=&#8221;3.19.17&#8243;]<\/p>\n<h1><strong>MINIST\u00c9RIO<\/strong><\/h1>\n<p style=\"text-align: justify;\">O Bispo Miguel Uchoa desenvolve seu minist\u00e9rio dentro de v\u00e1rias \u00e1reas. Defensor de uma igreja que tenha ra\u00edzes na hist\u00f3ria, mas seja atuante e contempor\u00e2nea. \u201cMilitante\u201d no movimento de renova\u00e7\u00e3o espiritual desde 1979, foi fundador do Minist\u00e9rio Anglicano de Renova\u00e7\u00e3o (MAR), que atuou por muitos anos promovendo a espiritualidade renovada no meio anglicano no Brasil. Durante muitos anos foi atuante na Fraternidade dos Anglicanos Evang\u00e9licos internacional. Mas \u00e9 tamb\u00e9m reitor da PAES onde pastoreia no dia a dia milhares de membros e administra dezenas de minist\u00e9rios de uma igreja vibrante, apoiado por uma equipe pastoral competente. Um homem aberto ao di\u00e1logo, mas alicer\u00e7ado em fortes convic\u00e7\u00f5es da f\u00e9 crist\u00e3 sendo um pregador empolgante e profundo .\u00a0 O Bispo Miguel \u00e9 tamb\u00e9m escritor com livros publicados por grandes editoras nacionais.<\/p>\n<p>[\/et_pb_text][\/et_pb_column][et_pb_column type=&#8221;1_2&#8243; _builder_version=&#8221;3.19.17&#8243;][et_pb_image src=&#8221;https:\/\/www.anglicananobrasil.com\/on\/wp-content\/uploads\/2019\/02\/51616395_321315191828843_54086445849116672_o.jpg&#8221; _builder_version=&#8221;3.19.17&#8243;][\/et_pb_image][\/et_pb_column][\/et_pb_row][\/et_pb_section][et_pb_section fb_built=&#8221;1&#8243; _builder_version=&#8221;3.19.17&#8243;][et_pb_row _builder_version=&#8221;3.19.17&#8243;][et_pb_column type=&#8221;4_4&#8243; _builder_version=&#8221;3.19.17&#8243;][et_pb_text _builder_version=&#8221;3.19.17&#8243;]<\/p>\n<h1 style=\"text-align: center;\"><strong>LIVROS DO BISPO MIGUEL UCH\u00d4A<\/strong><\/h1>\n<p>[\/et_pb_text][\/et_pb_column][\/et_pb_row][et_pb_row use_custom_width=&#8221;on&#8221; width_unit=&#8221;off&#8221; use_custom_gutter=&#8221;on&#8221; gutter_width=&#8221;2&#8243; _builder_version=&#8221;3.19.17&#8243;][et_pb_column type=&#8221;1_4&#8243; _builder_version=&#8221;3.19.17&#8243;][et_pb_image src=&#8221;https:\/\/www.anglicananobrasil.com\/on\/wp-content\/uploads\/2019\/02\/diga-sim.jpg&#8221; show_in_lightbox=&#8221;on&#8221; _builder_version=&#8221;3.19.17&#8243; box_shadow_style=&#8221;preset1&#8243;][\/et_pb_image][et_pb_button button_url=&#8221;http:\/\/www.mundocristao.com.br\/produto\/744\/Diga-sim-com-convic%C3%A7%C3%A3o&#8221; url_new_window=&#8221;on&#8221; button_text=&#8221;COMPRAR&#8221; button_alignment=&#8221;center&#8221; _builder_version=&#8221;3.19.17&#8243; custom_button=&#8221;on&#8221; button_text_color=&#8221;#a5906d&#8221; button_border_radius=&#8221;0px&#8221; button_letter_spacing=&#8221;5px&#8221; button_font=&#8221;||||||||&#8221; button_icon=&#8221;%%75%%&#8221; button_text_color__hover_enabled=&#8221;off&#8221; button_border_radius__hover_enabled=&#8221;off&#8221; button_letter_spacing__hover_enabled=&#8221;off&#8221; button_text_size__hover_enabled=&#8221;off&#8221; button_border_width__hover_enabled=&#8221;off&#8221; button_border_color__hover_enabled=&#8221;off&#8221; button_bg_color__hover_enabled=&#8221;off&#8221;][\/et_pb_button][\/et_pb_column][et_pb_column type=&#8221;1_4&#8243; _builder_version=&#8221;3.19.17&#8243;][et_pb_text _builder_version=&#8221;3.19.17&#8243;]<\/p>\n<h1 style=\"text-align: center;\"><strong>DIGA SIM COM CONVIC\u00c7\u00c3O<\/strong><\/h1>\n<div style=\"text-align: justify;\"><\/div>\n<div style=\"text-align: justify;\">As estat\u00edsticas mostram \u00edndices alarmantes de div\u00f3rcio entre crist\u00e3os e n\u00e3o crist\u00e3os. Os gabinetes pastorais e os consult\u00f3rios especializados em terapia de casais vivem lotados de pessoas que experimentam a infelicidade na vida a dois.<\/div>\n<div style=\"text-align: justify;\">\u00a0<\/div>\n<div style=\"text-align: justify;\">Certamente, ningu\u00e9m ingressa num relacionamento com o objetivo de fazer parte do grupo dos divorciados ou dos infelizes. Mas, se o processo decis\u00f3rio n\u00e3o for conduzido de forma consciente, madura e b\u00edblica, isso lamentavelmente pode se tornar uma grande possibilidade.<\/div>\n<div style=\"text-align: justify;\">\u00a0<\/div>\n<div style=\"text-align: justify;\">Com sua larga experi\u00eancia em aconselhamento matrimonial, o<span>\u00a0<\/span><em>bispo Uch\u00f4a<\/em>mostra diferentes maneiras de evitar que a dissolu\u00e7\u00e3o e a infelicidade entrem no lar daqueles que sonham em construir uma fam\u00edlia. E o segredo reside na preven\u00e7\u00e3o, antecipa\u00e7\u00e3o e prepara\u00e7\u00e3o.<\/div>\n<p>[\/et_pb_text][\/et_pb_column][et_pb_column type=&#8221;1_4&#8243; _builder_version=&#8221;3.19.17&#8243;][et_pb_image src=&#8221;https:\/\/www.anglicananobrasil.com\/on\/wp-content\/uploads\/2019\/02\/QUATRO-FACES-DO-AMOR.jpg&#8221; show_in_lightbox=&#8221;on&#8221; align=&#8221;center&#8221; _builder_version=&#8221;3.19.17&#8243; box_shadow_style=&#8221;preset1&#8243; max_width=&#8221;150%&#8221; module_alignment=&#8221;center&#8221;][\/et_pb_image][et_pb_button button_url=&#8221;https:\/\/www.saraiva.com.br\/as-quatro-faces-do-amor-9888397.html&#8221; url_new_window=&#8221;on&#8221; button_text=&#8221;COMPRAR&#8221; button_alignment=&#8221;center&#8221; _builder_version=&#8221;3.19.17&#8243; custom_button=&#8221;on&#8221; button_text_color=&#8221;#a5906d&#8221; button_border_radius=&#8221;0px&#8221; button_letter_spacing=&#8221;5px&#8221; button_font=&#8221;||||||||&#8221; button_icon=&#8221;%%75%%&#8221; button_text_color__hover_enabled=&#8221;off&#8221; button_border_radius__hover_enabled=&#8221;off&#8221; button_letter_spacing__hover_enabled=&#8221;off&#8221; button_text_size__hover_enabled=&#8221;off&#8221; button_border_width__hover_enabled=&#8221;off&#8221; button_border_color__hover_enabled=&#8221;off&#8221; button_bg_color__hover_enabled=&#8221;off&#8221;][\/et_pb_button][\/et_pb_column][et_pb_column type=&#8221;1_4&#8243; _builder_version=&#8221;3.19.17&#8243;][et_pb_text _builder_version=&#8221;3.19.17&#8243;]<\/p>\n<h1 style=\"text-align: center;\"><strong>AS QUATRO FACES DO AMOR<\/strong><\/h1>\n<div style=\"text-align: justify;\"><\/div>\n<div style=\"text-align: justify;\">\n<p class=\"lead\">\u201cNa alegria e na tristeza; na sa\u00fade e na doen\u00e7a.\u201d S\u00e3o essas as palavras que selam o in\u00edcio da maioria dos relacionamentos conjugais. No entanto, quando a vida aperta e o cumprimento desses votos \u00e9 cobrado, o amor basta?<\/p>\n<p>Miguel Uch\u00f4a cr\u00ea que sim, desde que este amor seja cultivado em todas as suas formas: o amor amante, o amor amigo, o amor irm\u00e3o e o amor incondicional. E seu prop\u00f3sito em As quatro faces do amor \u00e9 justamente ajudar o leitor a conhecer e aperfei\u00e7oar cada uma dessas nuances. De maneira bastante direta e did\u00e1tica, Miguel caminha por entre as quatro facetas do amor verdadeiro e d\u00e1 conselhos valiosos que auxiliar\u00e3o o casal, de qualquer idade, a desenvolver o amor pleno e verdadeiro em seu matrim\u00f4nio.<\/p>\n<\/div>\n<p>[\/et_pb_text][\/et_pb_column][\/et_pb_row][et_pb_row use_custom_width=&#8221;on&#8221; width_unit=&#8221;off&#8221; use_custom_gutter=&#8221;on&#8221; gutter_width=&#8221;2&#8243; _builder_version=&#8221;3.19.17&#8243;][et_pb_column type=&#8221;1_4&#8243; _builder_version=&#8221;3.19.17&#8243;][et_pb_image src=&#8221;https:\/\/www.anglicananobrasil.com\/on\/wp-content\/uploads\/2019\/02\/gerundio.png&#8221; show_in_lightbox=&#8221;on&#8221; _builder_version=&#8221;3.19.17&#8243; box_shadow_style=&#8221;preset1&#8243;][\/et_pb_image][et_pb_button button_url=&#8221;https:\/\/www.lojaluzevida.com.br\/lv-gerundio-quando-a-vida-com-deus-e-vida-em-movime-29502&#8243; url_new_window=&#8221;on&#8221; button_text=&#8221;COMPRAR&#8221; button_alignment=&#8221;center&#8221; _builder_version=&#8221;3.19.17&#8243; custom_button=&#8221;on&#8221; button_text_color=&#8221;#a5906d&#8221; button_border_radius=&#8221;0px&#8221; button_letter_spacing=&#8221;5px&#8221; button_font=&#8221;||||||||&#8221; button_icon=&#8221;%%75%%&#8221; button_text_color__hover_enabled=&#8221;off&#8221; button_border_radius__hover_enabled=&#8221;off&#8221; button_letter_spacing__hover_enabled=&#8221;off&#8221; button_text_size__hover_enabled=&#8221;off&#8221; button_border_width__hover_enabled=&#8221;off&#8221; button_border_color__hover_enabled=&#8221;off&#8221; button_bg_color__hover_enabled=&#8221;off&#8221;][\/et_pb_button][\/et_pb_column][et_pb_column type=&#8221;1_4&#8243; _builder_version=&#8221;3.19.17&#8243;][et_pb_text _builder_version=&#8221;3.19.17&#8243;]<\/p>\n<h1 class=\"product-details-product-title\" style=\"text-align: center;\"><strong>Gerundio<\/strong><\/h1>\n<h1 class=\"product-details-product-title\" style=\"text-align: center;\"><strong>Quando A Vida Com Deus \u00e9 Vida em Movimento<\/strong><\/h1>\n<div style=\"text-align: justify;\"><\/div>\n<div style=\"text-align: justify;\">As estat\u00edsticas mostram \u00edndices alarmantes de div\u00f3rcio entre crist\u00e3os e n\u00e3o crist\u00e3os. Os gabinetes pastorais e os consult\u00f3rios especializados em terapia de casais vivem lotados de pessoas que experimentam a infelicidade na vida a dois.<\/div>\n<div style=\"text-align: justify;\">\u00a0<\/div>\n<div style=\"text-align: justify;\">Certamente, ningu\u00e9m ingressa num relacionamento com o objetivo de fazer parte do grupo dos divorciados ou dos infelizes. Mas, se o processo decis\u00f3rio n\u00e3o for conduzido de forma consciente, madura e b\u00edblica, isso lamentavelmente pode se tornar uma grande possibilidade.<\/div>\n<div style=\"text-align: justify;\">\u00a0<\/div>\n<div style=\"text-align: justify;\">Com sua larga experi\u00eancia em aconselhamento matrimonial, o<span>\u00a0<\/span><em>bispo Uch\u00f4a<\/em>mostra diferentes maneiras de evitar que a dissolu\u00e7\u00e3o e a infelicidade entrem no lar daqueles que sonham em construir uma fam\u00edlia. E o segredo reside na preven\u00e7\u00e3o, antecipa\u00e7\u00e3o e prepara\u00e7\u00e3o.<\/div>\n<p>[\/et_pb_text][\/et_pb_column][et_pb_column type=&#8221;1_4&#8243; _builder_version=&#8221;3.19.17&#8243;][et_pb_image src=&#8221;https:\/\/www.anglicananobrasil.com\/on\/wp-content\/uploads\/2019\/02\/Espirito-Santo.png&#8221; show_in_lightbox=&#8221;on&#8221; align=&#8221;center&#8221; _builder_version=&#8221;3.19.17&#8243; box_shadow_style=&#8221;preset1&#8243; max_width=&#8221;150%&#8221; module_alignment=&#8221;center&#8221;][\/et_pb_image][\/et_pb_column][et_pb_column type=&#8221;1_4&#8243; _builder_version=&#8221;3.19.17&#8243;][et_pb_text _builder_version=&#8221;3.19.17&#8243;]<\/p>\n<h1 style=\"text-align: center;\"><strong><span>Do T\u00famulo Vazio \u00e0 Descida do Esp\u00edrito<\/span><\/strong><\/h1>\n<div style=\"text-align: justify;\"><\/div>\n<div style=\"text-align: justify;\">\n<p class=\"lead\">\u201c<span style=\"font-size: 14px;\">Do T\u00famulo Vazio \u00e0 Descida do Esp\u00edrito&#8221; Um devocional de estudos para o per\u00edodo pascal desde o domingo de P\u00e1scoa ao domingo de Pentecostes. O livro traz 50 devocionais baseados na leitura do lecion\u00e1rio Crist\u00e3o e 7 esbo\u00e7os de Serm\u00f5es para os domingos do per\u00edodo. Sua presen\u00e7a ser\u00e1 muito bem vinda e desejada.<\/span><\/p>\n<\/div>\n<p>[\/et_pb_text][\/et_pb_column][\/et_pb_row][\/et_pb_section][et_pb_section fb_built=&#8221;1&#8243; _builder_version=&#8221;3.10.1&#8243; background_color=&#8221;#f2f2f2&#8243; top_divider_color=&#8221;rgba(0,0,0,0)&#8221; bottom_divider_color=&#8221;rgba(0,0,0,0)&#8221;][et_pb_row _builder_version=&#8221;3.10.1&#8243;][et_pb_column type=&#8221;4_4&#8243; _builder_version=&#8221;3.10.1&#8243;][et_pb_text _builder_version=&#8221;3.10.1&#8243;]<\/p>\n<h1 style=\"text-align: center;\"><span style=\"font-size: xx-large; color: #a5906d;\"><strong>MENSAGENS DE DEUS<\/strong><\/span><\/h1>\n<h1 style=\"text-align: center;\"><span style=\"font-size: x-large; color: #a5906d;\"><strong>BISPO MIGUEL UCHOA<\/strong><\/span><\/h1>\n<p>[\/et_pb_text][\/et_pb_column][\/et_pb_row][et_pb_row _builder_version=&#8221;3.10.1&#8243;][et_pb_column type=&#8221;1_2&#8243; _builder_version=&#8221;3.10.1&#8243;][et_pb_video src=&#8221;https:\/\/www.youtube.com\/watch?v=qPdyC6bnhXg&#8221; _builder_version=&#8221;3.10.1&#8243;][\/et_pb_video][\/et_pb_column][et_pb_column type=&#8221;1_2&#8243; _builder_version=&#8221;3.10.1&#8243;][\/et_pb_column][\/et_pb_row][et_pb_row _builder_version=&#8221;3.10.1&#8243;][et_pb_column type=&#8221;4_4&#8243; _builder_version=&#8221;3.10.1&#8243;][et_pb_button button_url=&#8221;http:\/\/migueluchoa.com\/category\/blog\/&#8221; url_new_window=&#8221;on&#8221; button_text=&#8221;BLOG DO PRIMAZ&#8221; button_alignment=&#8221;center&#8221; _builder_version=&#8221;3.16&#8243; custom_button=&#8221;on&#8221; button_text_color=&#8221;#a5906d&#8221; button_border_radius=&#8221;0px&#8221; button_letter_spacing=&#8221;5px&#8221; button_font=&#8221;||||||||&#8221; button_icon=&#8221;%%75%%&#8221; button_text_size__hover_enabled=&#8221;off&#8221; button_one_text_size__hover_enabled=&#8221;off&#8221; button_two_text_size__hover_enabled=&#8221;off&#8221; button_text_color__hover_enabled=&#8221;off&#8221; button_one_text_color__hover_enabled=&#8221;off&#8221; button_two_text_color__hover_enabled=&#8221;off&#8221; button_border_width__hover_enabled=&#8221;off&#8221; button_one_border_width__hover_enabled=&#8221;off&#8221; button_two_border_width__hover_enabled=&#8221;off&#8221; button_border_color__hover_enabled=&#8221;off&#8221; button_one_border_color__hover_enabled=&#8221;off&#8221; button_two_border_color__hover_enabled=&#8221;off&#8221; button_border_radius__hover_enabled=&#8221;off&#8221; button_one_border_radius__hover_enabled=&#8221;off&#8221; button_two_border_radius__hover_enabled=&#8221;off&#8221; button_letter_spacing__hover_enabled=&#8221;off&#8221; button_one_letter_spacing__hover_enabled=&#8221;off&#8221; button_two_letter_spacing__hover_enabled=&#8221;off&#8221; button_bg_color__hover_enabled=&#8221;off&#8221; button_one_bg_color__hover_enabled=&#8221;off&#8221; button_two_bg_color__hover_enabled=&#8221;off&#8221;][\/et_pb_button][\/et_pb_column][\/et_pb_row][\/et_pb_section][et_pb_section fb_built=&#8221;1&#8243; prev_background_color=&#8221;#f2f2f2&#8243; _builder_version=&#8221;3.10.1&#8243; use_background_color_gradient=&#8221;on&#8221; background_color_gradient_start=&#8221;#8300e9&#8243; background_color_gradient_end=&#8221;#ffffff&#8221; background_color_gradient_direction=&#8221;280deg&#8221; background_color_gradient_start_position=&#8221;100%&#8221; background_image=&#8221;https:\/\/www.anglicananobrasil.com\/on\/wp-content\/uploads\/2018\/07\/37716490_1025008944325482_1270112126819631104_o.jpg&#8221; background_blend=&#8221;multiply&#8221; custom_padding=&#8221;257px|0px|242px|0px|false|false&#8221; filter_hue_rotate=&#8221;19deg&#8221; top_divider_style=&#8221;wave2&#8243; bottom_divider_style=&#8221;wave2&#8243; bottom_divider_color=&#8221;#D2C4AD&#8221;][et_pb_row _builder_version=&#8221;3.10.1&#8243;][et_pb_column type=&#8221;1_2&#8243; _builder_version=&#8221;3.10.1&#8243;][et_pb_contact_form title=&#8221;FALE COM O BISPO MIGUEL UCHOA&#8221; submit_button_text=&#8221;ENVIAR&#8221; form_background_color=&#8221;rgba(255,255,255,0.57)&#8221; module_id=&#8221;et_pb_contact_form_0&#8243; _builder_version=&#8221;3.10.1&#8243; title_font=&#8221;|600|||||||&#8221; title_text_align=&#8221;center&#8221; title_text_color=&#8221;#ffffff&#8221; form_field_font=&#8221;||||||||&#8221; form_field_text_color=&#8221;#000000&#8243; custom_button=&#8221;on&#8221; button_text_color=&#8221;#ffffff&#8221; button_font=&#8221;||||||||&#8221; custom_css_captcha_label=&#8221;color: #ffffff;&#8221;][et_pb_contact_field field_id=&#8221;Name&#8221; field_title=&#8221;Nome&#8221; _builder_version=&#8221;3.16&#8243; border_radii=&#8221;on||||&#8221; button_text_size__hover_enabled=&#8221;off&#8221; button_one_text_size__hover_enabled=&#8221;off&#8221; button_two_text_size__hover_enabled=&#8221;off&#8221; button_text_color__hover_enabled=&#8221;off&#8221; button_one_text_color__hover_enabled=&#8221;off&#8221; button_two_text_color__hover_enabled=&#8221;off&#8221; button_border_width__hover_enabled=&#8221;off&#8221; button_one_border_width__hover_enabled=&#8221;off&#8221; button_two_border_width__hover_enabled=&#8221;off&#8221; button_border_color__hover_enabled=&#8221;off&#8221; button_one_border_color__hover_enabled=&#8221;off&#8221; button_two_border_color__hover_enabled=&#8221;off&#8221; button_border_radius__hover_enabled=&#8221;off&#8221; button_one_border_radius__hover_enabled=&#8221;off&#8221; button_two_border_radius__hover_enabled=&#8221;off&#8221; button_letter_spacing__hover_enabled=&#8221;off&#8221; button_one_letter_spacing__hover_enabled=&#8221;off&#8221; button_two_letter_spacing__hover_enabled=&#8221;off&#8221; button_bg_color__hover_enabled=&#8221;off&#8221; button_one_bg_color__hover_enabled=&#8221;off&#8221; button_two_bg_color__hover_enabled=&#8221;off&#8221;][\/et_pb_contact_field][et_pb_contact_field field_id=&#8221;Email&#8221; field_title=&#8221;E-mail&#8221; field_type=&#8221;email&#8221; _builder_version=&#8221;3.16&#8243; border_radii=&#8221;on||||&#8221; button_text_size__hover_enabled=&#8221;off&#8221; button_one_text_size__hover_enabled=&#8221;off&#8221; button_two_text_size__hover_enabled=&#8221;off&#8221; button_text_color__hover_enabled=&#8221;off&#8221; button_one_text_color__hover_enabled=&#8221;off&#8221; button_two_text_color__hover_enabled=&#8221;off&#8221; button_border_width__hover_enabled=&#8221;off&#8221; button_one_border_width__hover_enabled=&#8221;off&#8221; button_two_border_width__hover_enabled=&#8221;off&#8221; button_border_color__hover_enabled=&#8221;off&#8221; button_one_border_color__hover_enabled=&#8221;off&#8221; button_two_border_color__hover_enabled=&#8221;off&#8221; button_border_radius__hover_enabled=&#8221;off&#8221; button_one_border_radius__hover_enabled=&#8221;off&#8221; button_two_border_radius__hover_enabled=&#8221;off&#8221; button_letter_spacing__hover_enabled=&#8221;off&#8221; button_one_letter_spacing__hover_enabled=&#8221;off&#8221; button_two_letter_spacing__hover_enabled=&#8221;off&#8221; button_bg_color__hover_enabled=&#8221;off&#8221; button_one_bg_color__hover_enabled=&#8221;off&#8221; button_two_bg_color__hover_enabled=&#8221;off&#8221;][\/et_pb_contact_field][et_pb_contact_field field_id=&#8221;Message&#8221; field_title=&#8221;Mensagem&#8221; field_type=&#8221;text&#8221; fullwidth_field=&#8221;on&#8221; _builder_version=&#8221;3.16&#8243; border_radii=&#8221;on||||&#8221; button_text_size__hover_enabled=&#8221;off&#8221; button_one_text_size__hover_enabled=&#8221;off&#8221; button_two_text_size__hover_enabled=&#8221;off&#8221; button_text_color__hover_enabled=&#8221;off&#8221; button_one_text_color__hover_enabled=&#8221;off&#8221; button_two_text_color__hover_enabled=&#8221;off&#8221; button_border_width__hover_enabled=&#8221;off&#8221; button_one_border_width__hover_enabled=&#8221;off&#8221; button_two_border_width__hover_enabled=&#8221;off&#8221; button_border_color__hover_enabled=&#8221;off&#8221; button_one_border_color__hover_enabled=&#8221;off&#8221; button_two_border_color__hover_enabled=&#8221;off&#8221; button_border_radius__hover_enabled=&#8221;off&#8221; button_one_border_radius__hover_enabled=&#8221;off&#8221; button_two_border_radius__hover_enabled=&#8221;off&#8221; button_letter_spacing__hover_enabled=&#8221;off&#8221; button_one_letter_spacing__hover_enabled=&#8221;off&#8221; button_two_letter_spacing__hover_enabled=&#8221;off&#8221; button_bg_color__hover_enabled=&#8221;off&#8221; button_one_bg_color__hover_enabled=&#8221;off&#8221; button_two_bg_color__hover_enabled=&#8221;off&#8221;][\/et_pb_contact_field][\/et_pb_contact_form][\/et_pb_column][et_pb_column type=&#8221;1_2&#8243; _builder_version=&#8221;3.10.1&#8243;][et_pb_text _builder_version=&#8221;3.10.1&#8243;][\/et_pb_text][\/et_pb_column][\/et_pb_row][\/et_pb_section]<\/p>\n","protected":false},"excerpt":{"rendered":"<p>Bispo Miguel Uchoa Primaz da Igreja Anglicana no BrasilBispo Miguel Uchoa Miguel Uchoa conheceu a Jesus Cristo aos 23 anos na Igreja Anglicana e atrav\u00e9s do esfor\u00e7o mission\u00e1rio da ABU-Brasil. Formou-se em Engenharia de Pesca e \u00e9 graduado e p\u00f3s-graduado em Teologia. Tem cursos de especializa\u00e7\u00e3o no Brasil e no Exterior. \u00c9 pai de Gabriel [&hellip;]<\/p>\n","protected":false},"author":1,"featured_media":0,"parent":0,"menu_order":0,"comment_status":"closed","ping_status":"closed","template":"","meta":{"_et_pb_use_builder":"on","_et_pb_old_content":"","_et_gb_content_width":"","footnotes":""},"class_list":["post-218","page","type-page","status-publish","hentry"],"_links":{"self":[{"href":"https:\/\/www.anglicananobrasil.com\/on\/wp-json\/wp\/v2\/pages\/218","targetHints":{"allow":["GET"]}}],"collection":[{"href":"https:\/\/www.anglicananobrasil.com\/on\/wp-json\/wp\/v2\/pages"}],"about":[{"href":"https:\/\/www.anglicananobrasil.com\/on\/wp-json\/wp\/v2\/types\/page"}],"author":[{"embeddable":true,"href":"https:\/\/www.anglicananobrasil.com\/on\/wp-json\/wp\/v2\/users\/1"}],"replies":[{"embeddable":true,"href":"https:\/\/www.anglicananobrasil.com\/on\/wp-json\/wp\/v2\/comments?post=218"}],"version-history":[{"count":0,"href":"https:\/\/www.anglicananobrasil.com\/on\/wp-json\/wp\/v2\/pages\/218\/revisions"}],"wp:attachment":[{"href":"https:\/\/www.anglicananobrasil.com\/on\/wp-json\/wp\/v2\/media?parent=218"}],"curies":[{"name":"wp","href":"https:\/\/api.w.org\/{rel}","templated":true}]}}