{"id":194,"date":"2018-07-21T14:11:48","date_gmt":"2018-07-21T14:11:48","guid":{"rendered":"https:\/\/www.anglicananobrasil.com\/on\/?page_id=194"},"modified":"2018-07-21T14:15:33","modified_gmt":"2018-07-21T14:15:33","slug":"nossa-fe","status":"publish","type":"page","link":"https:\/\/www.anglicananobrasil.com\/on\/nossa-fe\/","title":{"rendered":"NOSSA F\u00c9"},"content":{"rendered":"<p>[et_pb_section fb_built=&#8221;1&#8243; next_background_color=&#8221;#ffffff&#8221; _builder_version=&#8221;3.10.1&#8243; background_color=&#8221;rgba(12,113,195,0.82)&#8221; background_image=&#8221;https:\/\/www.anglicananobrasil.com\/on\/wp-content\/uploads\/2018\/07\/32369714_967059673453743_613365838614888448_o.jpg&#8221; background_blend=&#8221;multiply&#8221; custom_padding=&#8221;268px|0px|257px|0px|false|false&#8221; bottom_divider_style=&#8221;mountains2&#8243; bottom_divider_height=&#8221;117px&#8221;][et_pb_row _builder_version=&#8221;3.0.48&#8243; background_size=&#8221;initial&#8221; background_position=&#8221;top_left&#8221; background_repeat=&#8221;repeat&#8221;][et_pb_column type=&#8221;1_2&#8243; _builder_version=&#8221;3.0.47&#8243; parallax=&#8221;off&#8221; parallax_method=&#8221;on&#8221;][et_pb_image src=&#8221;https:\/\/www.anglicananobrasil.com\/on\/wp-content\/uploads\/2018\/07\/IAB-LOGO.png&#8221; _builder_version=&#8221;3.10.1&#8243;][\/et_pb_image][\/et_pb_column][et_pb_column type=&#8221;1_2&#8243; _builder_version=&#8221;3.0.47&#8243; parallax=&#8221;off&#8221; parallax_method=&#8221;on&#8221;][et_pb_text _builder_version=&#8221;3.10&#8243; animation_style=&#8221;fade&#8221;]<\/p>\n<h1><span style=\"font-size: 60PX;color: #ffffff\"><strong>NOSSA F\u00c9<\/strong><\/span><\/h1>\n<p>[\/et_pb_text][et_pb_text _builder_version=&#8221;3.10&#8243; animation_style=&#8221;fade&#8221;]<\/p>\n<p><span style=\"font-size: xx-large;color: #ffffff\"><em><strong>Aqui voc\u00ea \u00e9 Bem Vindo!<\/strong><br \/>#UmaFam\u00edliaParaPertencer<\/em><\/span><\/p>\n<p>[\/et_pb_text][\/et_pb_column][\/et_pb_row][\/et_pb_section][et_pb_section fb_built=&#8221;1&#8243; _builder_version=&#8221;3.3.1&#8243; custom_padding=&#8221;0|0px|54px|0px|false|false&#8221;][et_pb_row make_fullwidth=&#8221;on&#8221; _builder_version=&#8221;3.3.1&#8243;][et_pb_column type=&#8221;1_3&#8243; _builder_version=&#8221;3.0.47&#8243; parallax=&#8221;off&#8221; parallax_method=&#8221;on&#8221;][et_pb_text disabled_on=&#8221;on|on|off&#8221; _builder_version=&#8221;3.3.1&#8243; text_font=&#8221;|700||on|||||&#8221; text_text_color=&#8221;#000000&#8243; text_font_size_last_edited=&#8221;on|tablet&#8221; text_letter_spacing=&#8221;5px&#8221; link_font=&#8221;||||||||&#8221; ul_font=&#8221;||||||||&#8221; ol_font=&#8221;||||||||&#8221; quote_font=&#8221;||||||||&#8221; header_font=&#8221;|||on|||||&#8221; header_text_align=&#8221;center&#8221; header_6_font=&#8221;||||||||&#8221; text_orientation=&#8221;center&#8221;]<\/p>\n<h1><strong>os 39 <\/strong><\/h1>\n<h1><strong><span style=\"color: #fcbf00\">artigos\u00a0<\/span><\/strong><\/h1>\n<h1><strong>de religi\u00e3o<\/strong><\/h1>\n<p style=\"text-align: justify\">[\/et_pb_text][et_pb_text disabled_on=&#8221;on|on|off&#8221; _builder_version=&#8221;3.3.1&#8243; text_font=&#8221;||||||||&#8221; text_orientation=&#8221;justified&#8221;]<strong>Os Trinta e Nove Artigos da Religi\u00e3o<\/strong> foram estabelecidos em 1563, e est\u00e3o definindo a doutrina anglicana, em rela\u00e7\u00e3o \u00e0s controv\u00e9rsias da Reforma Inglesa; especialmente na rela\u00e7\u00e3o com a doutrina calvinista e cat\u00f3lica romana, bem como as pr\u00e1ticas da Igreja Anglicana. O nome \u00e9 comumente abreviado para os Trinta e Nove Artigos ou os XXXIX Artigos. No Conc\u00edlio realizado em Londres no ano de 1562, para evitar a diversidade de opini\u00f5es, e estabelecer o comum acordo no tocante \u00e0 verdadeira Religi\u00e3o. (Livro de Ora\u00e7\u00e3o Comum, publicado em portugu\u00eas em 1866, pela Society for Promoting Christian Knowledge. p.432-444).<\/p>\n<p style=\"text-align: justify\">[\/et_pb_text][et_pb_button button_url=&#8221;https:\/\/drive.google.com\/open?id=1prPRQ3J9eGGkohlKEnv2zHTe66HGaZv5&#8243; url_new_window=&#8221;on&#8221; button_text=&#8221;Download&#8221; button_alignment=&#8221;center&#8221; disabled_on=&#8221;on|on|off&#8221; _builder_version=&#8221;3.3.1&#8243; custom_button=&#8221;on&#8221; button_text_color=&#8221;#ffffff&#8221; button_bg_color=&#8221;#0c71c3&#8243; button_border_width=&#8221;0px&#8221; button_border_color=&#8221;#e09900&#8243; button_border_radius=&#8221;0px&#8221; button_letter_spacing=&#8221;4px&#8221; button_font=&#8221;||||||||&#8221; button_icon=&#8221;%%24%%&#8221; button_icon_color=&#8221;#ffffff&#8221; button_text_color_hover=&#8221;#ffffff&#8221; button_bg_color_hover=&#8221;#e09900&#8243;][\/et_pb_button][\/et_pb_column][et_pb_column type=&#8221;2_3&#8243; _builder_version=&#8221;3.0.47&#8243; parallax=&#8221;off&#8221; parallax_method=&#8221;on&#8221;][et_pb_image src=&#8221;https:\/\/www.anglicananobrasil.com\/on\/wp-content\/uploads\/2018\/07\/gafcon-logo.png&#8221; align=&#8221;center&#8221; disabled_on=&#8221;off|off|on&#8221; _builder_version=&#8221;3.3.1&#8243;][\/et_pb_image][et_pb_image src=&#8221;https:\/\/www.anglicananobrasil.com\/on\/wp-content\/uploads\/2018\/07\/gafcon-logo.png&#8221; align=&#8221;center&#8221; disabled_on=&#8221;on|on|off&#8221; _builder_version=&#8221;3.10.1&#8243;][\/et_pb_image][et_pb_text _builder_version=&#8221;3.9&#8243;]<\/p>\n<h3 style=\"text-align: center\"><strong>A DECLARA\u00c7\u00c3O DE JERUSAL\u00c9M<\/strong> <strong>29 de Junho de 2008<\/strong><\/h3>\n<p style=\"text-align: justify\">Em nome de Deus Pai, Deus Filho e Deus Esp\u00edrito Santo:\u00a0N\u00f3s, os participantes da Confer\u00eancia do Futuro Global Anglicano, nos encontramos na terra do nascimento de\u00a0Jesus. Expressamos nossa lealdade como disc\u00edpulos do Rei dos reis, o Senhor Jesus. N\u00f3s abra\u00e7amos\u00a0alegremente seu comando para proclamar a realidade de seu reino que anunciou primeiramente nesta terra. O\u00a0evangelho do reino \u00e9 a boa nova da salva\u00e7\u00e3o, liberta\u00e7\u00e3o e transforma\u00e7\u00e3o para todos. \u00c0 luz do acima exposto,\u00a0concordamos em tra\u00e7ar um caminho juntos que promova e proteja o evangelho b\u00edblico e a miss\u00e3o ao mundo,\u00a0declarando solenemente os seguintes princ\u00edpios de ortodoxia que sustentam a nossa identidade anglicana.<\/p>\n<p style=\"text-align: justify\"><strong>1<\/strong>&#8211; Regozijamo-nos no evangelho de Deus pelo qual fomos salvos pela gra\u00e7a atrav\u00e9s da f\u00e9 em Jesus\u00a0Cristo pelo poder do Esp\u00edrito Santo. Porque Deus nos amou primeiro, n\u00f3s o amamos e como crentes\u00a0produzimos frutos de amor, arrependimento cont\u00ednuo, esperan\u00e7a viva e a\u00e7\u00e3o de gra\u00e7as a Deus em\u00a0todas as coisas.<\/p>\n<p style=\"text-align: justify\"><strong>2<\/strong>&#8211; Acreditamos que as Sagradas Escrituras do Antigo e Novo Testamentos sejam a Palavra de Deus\u00a0escrita e contenham todas as coisas necess\u00e1rias para a salva\u00e7\u00e3o. A B\u00edblia deve ser traduzida, lida,\u00a0pregada, ensinada e obedecida em seu sentido simples e can\u00f4nico, respeitando a leitura hist\u00f3rica e\u00a0consensual da igreja.<\/p>\n<p style=\"text-align: justify\"><strong>3<\/strong>&#8211; Defendemos os quatro Conc\u00edlios Ecum\u00eanicos e os tr\u00eas Credos hist\u00f3ricos como express\u00e3o da regra de\u00a0f\u00e9 da \u00fanica Igreja cat\u00f3lica e apost\u00f3lica.<\/p>\n<p style=\"text-align: justify\">4- Defendemos os Trinta e Nove Artigos como contendo a verdadeira doutrina da Igreja concordando com\u00a0a Palavra de Deus e como autoridade para os Anglicanos de hoje.<\/p>\n<p style=\"text-align: justify\"><strong>5<\/strong>&#8211; N\u00f3s alegremente proclamamos e nos submetemos ao \u00fanico e universal Senhorio de Jesus Cristo, o\u00a0Filho de Deus, o \u00fanico Salvador da humanidade do pecado, do ju\u00edzo e do inferno, que viveu a vida que\u00a0n\u00e3o poder\u00edamos viver e morrer a morte que merecemos. Por sua morte expiat\u00f3ria e gloriosa\u00a0ressurrei\u00e7\u00e3o, ele assegurou a reden\u00e7\u00e3o de todos os que v\u00eam a ele em arrependimento e f\u00e9.<\/p>\n<p style=\"text-align: justify\"><strong>6<\/strong>&#8211; Regozijamo-nos em nossa heran\u00e7a sacramental e lit\u00fargica anglicana como uma express\u00e3o do\u00a0evangelho, e defendemos o Livro de Ora\u00e7\u00e3o Comum de 1662 como um padr\u00e3o verdadeiro e de\u00a0autoridade para adora\u00e7\u00e3o e ora\u00e7\u00e3o, para ser traduzido e adaptado localmente para cada cultura.<\/p>\n<p style=\"text-align: justify\"><strong>7<\/strong>&#8211; Reconhecemos que Deus chamou e dotou bispos, presb\u00edteros e di\u00e1conos em sucess\u00e3o hist\u00f3rica para\u00a0equipar todo o povo de Deus para seu minist\u00e9rio no mundo. Defendemos o cl\u00e1ssico Ordinal Anglicano\u00a0como um padr\u00e3o de autoridade para ordens clericais.<\/p>\n<p style=\"text-align: justify\"><strong>8<\/strong>&#8211; Reconhecemos a cria\u00e7\u00e3o de Deus da humanidade como homem e mulher e o padr\u00e3o imut\u00e1vel do\u00a0casamento crist\u00e3o entre um homem e uma mulher como o lugar apropriado para a intimidade sexual e\u00a0a base da fam\u00edlia. N\u00f3s nos arrependemos de nossas falhas para manter este padr\u00e3o e chamamos para\u00a0um compromisso renovado, para fidelidade ao longo da vida no casamento e abstin\u00eancia para aqueles\u00a0que n\u00e3o s\u00e3o casados.<\/p>\n<p style=\"text-align: justify\"><strong>9<\/strong>&#8211; Aceitamos com agrado a Grande Comiss\u00e3o do Senhor ressuscitado para fazer disc\u00edpulos de todas as\u00a0na\u00e7\u00f5es, para buscar aqueles que n\u00e3o conhecem Cristo e para batizar, ensinar e trazer novos crentes\u00a0\u00e0 maturidade.<\/p>\n<p style=\"text-align: justify\"><strong>10<\/strong>&#8211; Estamos conscientes da nossa responsabilidade de sermos bons mordomos da cria\u00e7\u00e3o de Deus, de\u00a0defender e advogar a justi\u00e7a na sociedade e de procurar o al\u00edvio e o fortalecimento dos pobres e\u00a0necessitados.<\/p>\n<p style=\"text-align: justify\"><strong>11<\/strong>&#8211; Estamos comprometidos com a unidade de todos aqueles que conhecem e amam a Cristo e para\u00a0construir relacionamentos ecum\u00eanicos aut\u00eanticos. Reconhecemos as ordens e a jurisdi\u00e7\u00e3o dos\u00a0anglicanos que defendem a f\u00e9 e a pr\u00e1tica ortodoxas, e os encorajamos a se juntarem a n\u00f3s nesta\u00a0declara\u00e7\u00e3o.<\/p>\n<p style=\"text-align: justify\"><strong>12<\/strong>&#8211; Celebramos a diversidade divina entre n\u00f3s que enriquece nossa comunh\u00e3o global, e reconhecemos a\u00a0liberdade em assuntos secund\u00e1rios. N\u00f3s nos comprometemos a trabalhar juntos para buscar a mente\u00a0de Cristo em quest\u00f5es que nos dividem.<\/p>\n<p style=\"text-align: justify\"><strong>13<\/strong>&#8211; Rejeitamos a autoridade dessas igrejas e l\u00edderes que negaram a f\u00e9 ortodoxa em palavra ou a\u00e7\u00e3o.\u00a0Oramos por eles e exortamos-os a se arrependerem e retornarem ao Senhor.<\/p>\n<p style=\"text-align: justify\"><strong>14<\/strong>-Regozijamo-nos com a perspectiva de que Jesus volte em gl\u00f3ria e, enquanto aguardamos este evento\u00a0final da hist\u00f3ria, louvamos-lhe pela maneira como ele edifica a sua igreja atrav\u00e9s do seu Esp\u00edrito,\u00a0mudando milagrosamente as vidas.<\/p>\n<p style=\"text-align: justify\">[\/et_pb_text][\/et_pb_column][\/et_pb_row][et_pb_row _builder_version=&#8221;3.3.1&#8243;][et_pb_column type=&#8221;4_4&#8243; _builder_version=&#8221;3.0.47&#8243; parallax=&#8221;off&#8221; parallax_method=&#8221;on&#8221;][et_pb_image src=&#8221;https:\/\/www.anglicananobrasil.com\/on\/wp-content\/uploads\/2018\/07\/gafcon-logo.png&#8221; align=&#8221;center&#8221; disabled_on=&#8221;off|off|on&#8221; _builder_version=&#8221;3.3.1&#8243;][\/et_pb_image][et_pb_text disabled_on=&#8221;off|off|on&#8221; _builder_version=&#8221;3.3.1&#8243; text_font=&#8221;||||||||&#8221; text_orientation=&#8221;center&#8221; inline_fonts=&#8221;Cabin&#8221;]<\/p>\n<h2><strong>DECLARA\u00c7\u00c3O DE\u00a0<span style=\"color: #0c71c3\">JERUSAL\u00c9M<\/span><\/strong><\/h2>\n<p><span style=\"font-family: Cabin\">Estamos fundamentados na B\u00edblia, unidos pela f\u00e9 e esperan\u00e7a com milhares de Anglicanos pelo mundo, atrav\u00e9s da declara\u00e7\u00e3o de Jerusal\u00e9m, elaborada pela Confer\u00eancia do Futuro do Anglicanismo Global, realizada em Jerusal\u00e9m no dia 22 a 29 de junho de 2008. Fa\u00e7a o download abaixo para maiores informa\u00e7\u00f5es.<\/span><\/p>\n<p style=\"text-align: justify\">[\/et_pb_text][et_pb_button button_url=&#8221;https:\/\/drive.google.com\/open?id=1NeWlS7v16-dB9DxlshTteCsvqolVpXwL&#8221; url_new_window=&#8221;on&#8221; button_text=&#8221;Download&#8221; button_alignment=&#8221;center&#8221; disabled_on=&#8221;off|off|on&#8221; _builder_version=&#8221;3.3.1&#8243; custom_button=&#8221;on&#8221; button_text_color=&#8221;#ffffff&#8221; button_bg_color=&#8221;#0c71c3&#8243; button_border_width=&#8221;0px&#8221; button_border_color=&#8221;#e09900&#8243; button_border_radius=&#8221;0px&#8221; button_letter_spacing=&#8221;4px&#8221; button_font=&#8221;||||||||&#8221; button_icon=&#8221;%%24%%&#8221; button_icon_color=&#8221;#ffffff&#8221; button_text_color_hover=&#8221;#ffffff&#8221; button_bg_color_hover=&#8221;#e09900&#8243;][\/et_pb_button][et_pb_text disabled_on=&#8221;off|off|on&#8221; _builder_version=&#8221;3.3.1&#8243; text_font=&#8221;|700||on|||||&#8221; text_text_color=&#8221;#000000&#8243; text_font_size_last_edited=&#8221;on|tablet&#8221; text_letter_spacing=&#8221;5px&#8221; link_font=&#8221;||||||||&#8221; ul_font=&#8221;||||||||&#8221; ol_font=&#8221;||||||||&#8221; quote_font=&#8221;||||||||&#8221; header_font=&#8221;|||on|||||&#8221; header_text_align=&#8221;center&#8221; header_6_font=&#8221;||||||||&#8221; text_orientation=&#8221;center&#8221;]<\/p>\n<h1><strong>os 39 <\/strong><\/h1>\n<h1><strong><span style=\"color: #fcbf00\">artigos\u00a0<\/span><\/strong><\/h1>\n<h1><strong>de religi\u00e3o<\/strong><\/h1>\n<p style=\"text-align: justify\">[\/et_pb_text][et_pb_text disabled_on=&#8221;off|off|on&#8221; _builder_version=&#8221;3.3.1&#8243; text_font=&#8221;||||||||&#8221; text_orientation=&#8221;justified&#8221;]<strong>Os Trinta e Nove Artigos da Religi\u00e3o<\/strong> foram estabelecidos em 1563, e est\u00e3o definindo a doutrina anglicana, em rela\u00e7\u00e3o \u00e0s controv\u00e9rsias da Reforma Inglesa; especialmente na rela\u00e7\u00e3o com a doutrina calvinista e cat\u00f3lica romana, bem como as pr\u00e1ticas da Igreja Anglicana. O nome \u00e9 comumente abreviado para os Trinta e Nove Artigos ou os XXXIX Artigos. No Conc\u00edlio realizado em Londres no ano de 1562, para evitar a diversidade de opini\u00f5es, e estabelecer o comum acordo no tocante \u00e0 verdadeira Religi\u00e3o. (Livro de Ora\u00e7\u00e3o Comum, publicado em portugu\u00eas em 1866, pela Society for Promoting Christian Knowledge. p.432-444).<\/p>\n<p style=\"text-align: justify\">[\/et_pb_text][et_pb_button button_url=&#8221;https:\/\/drive.google.com\/open?id=1prPRQ3J9eGGkohlKEnv2zHTe66HGaZv5&#8243; url_new_window=&#8221;on&#8221; button_text=&#8221;Download&#8221; button_alignment=&#8221;center&#8221; disabled_on=&#8221;off|off|on&#8221; _builder_version=&#8221;3.3.1&#8243; custom_button=&#8221;on&#8221; button_text_color=&#8221;#ffffff&#8221; button_bg_color=&#8221;#0c71c3&#8243; button_border_width=&#8221;0px&#8221; button_border_color=&#8221;#e09900&#8243; button_border_radius=&#8221;0px&#8221; button_letter_spacing=&#8221;4px&#8221; button_font=&#8221;||||||||&#8221; button_icon=&#8221;%%24%%&#8221; button_icon_color=&#8221;#ffffff&#8221; button_text_color_hover=&#8221;#ffffff&#8221; button_bg_color_hover=&#8221;#e09900&#8243;][\/et_pb_button][et_pb_text _builder_version=&#8221;3.8.1&#8243; text_font=&#8221;Cabin||||||||&#8221; text_orientation=&#8221;center&#8221; inline_fonts=&#8221;Cabin&#8221;]<\/p>\n<h1><span style=\"font-family: Cabin;font-weight: normal\"><strong>QUADRIL\u00c1TERO DE LAMBETH<\/strong><\/span><\/h1>\n<p><span style=\"font-family: Cabin;font-weight: normal\">O seguinte \u201cQuadril\u00e1tero\u201d foi adotado na Confer\u00eancia de Lambeth de 1888.<br \/><\/span><span style=\"font-family: Cabin;font-weight: normal\">Ele foi baseado na Declara\u00e7\u00e3o da C\u00e2mara dos Bispos da Igreja Episcopal Protestante emitido em Chicago em 1886.<\/span><\/p>\n<p style=\"text-align: justify\">[\/et_pb_text][et_pb_image src=&#8221;https:\/\/www.anglicananobrasil.com\/on\/wp-content\/uploads\/2018\/07\/logo-comunhao-anglicana.jpg&#8221; align=&#8221;center&#8221; _builder_version=&#8221;3.3.1&#8243;][\/et_pb_image][et_pb_text _builder_version=&#8221;3.2&#8243; inline_fonts=&#8221;Cabin&#8221;]<\/p>\n<h3 style=\"text-align: center\"><span style=\"font-family: Cabin;font-weight: normal\"><strong>Confer\u00eancia de Lambeth de 1888, Resolu\u00e7\u00e3o 11<\/strong><\/span><\/h3>\n<p><span style=\"font-family: Cabin;font-weight: normal\">Que, na opini\u00e3o desta Confer\u00eancia, os seguintes Artigos prov\u00eam o fundamento pelo qual a reconcilia\u00e7\u00e3o pode ser, pela b\u00ean\u00e7\u00e3o de Deus, obtida mediante uma Reuni\u00e3o Dom\u00e9stica:<\/span><\/p>\n<ol>\n<li><span style=\"font-family: Cabin;font-weight: normal\">As<strong><span style=\"color: #e02b20\"> Santas Escrituras<\/span><\/strong> do Antigo e Novo Testamentos, como \u201ccontendo todas as coisas necess\u00e1rias para a salva\u00e7\u00e3o\u201d, e como sendo a regra e o padr\u00e3o final de f\u00e9.<\/span><\/li>\n<li><span style=\"font-family: Cabin;font-weight: normal\">O <span style=\"color: #e02b20\"><strong>Credo<\/strong><\/span> dos Ap\u00f3stolos, como o S\u00edmbolo Batismal, e o Credo Niceno, como suficiente Declara\u00e7\u00e3o da f\u00e9 Crist\u00e3.<\/span><\/li>\n<li><span style=\"font-family: Cabin;font-weight: normal\">Os dois <span style=\"color: #e02b20\"><strong>Sacramentos<\/strong> <\/span>ordenados pelo pr\u00f3prio Cristo \u2013 o Batismo e a Ceia do Senhor \u2013 administrados pelo uso regular das palavras de Cristo que os instituiu e dos elementos por Ele ordenados.<\/span><\/li>\n<li><span style=\"font-family: Cabin;font-weight: normal\">O <span style=\"color: #e02b20\"><strong>Episcopado<\/strong> <\/span>Hist\u00f3rico, adaptado localmente nos m\u00e9todos de sua administra\u00e7\u00e3o para as variadas necessidades das na\u00e7\u00f5es e povos chamados por Deus na Unidade de Sua Igreja.<\/span><\/li>\n<\/ol>\n<p style=\"text-align: justify\">[\/et_pb_text][\/et_pb_column][\/et_pb_row][\/et_pb_section][et_pb_section fb_built=&#8221;1&#8243; _builder_version=&#8221;3.10.1&#8243; custom_padding=&#8221;54px|0px|148px|0px|false|false&#8221; bottom_divider_style=&#8221;wave2&#8243; bottom_divider_color=&#8221;#D2C4AD&#8221;][et_pb_row _builder_version=&#8221;3.2&#8243;][et_pb_column type=&#8221;1_3&#8243; _builder_version=&#8221;3.0.47&#8243; parallax=&#8221;off&#8221; parallax_method=&#8221;on&#8221;][et_pb_image align=&#8221;center&#8221; _builder_version=&#8221;3.2&#8243; background_color=&#8221;#0c71c3&#8243; background_image=&#8221;https:\/\/www.anglicananobrasil.com\/on\/wp-content\/uploads\/2018\/07\/2771346399_3de02fe821_z.jpg&#8221; background_position=&#8221;top_center&#8221; background_blend=&#8221;hard-light&#8221; custom_margin=&#8221;|||&#8221; custom_padding=&#8221;115px||115px||true|false&#8221;][\/et_pb_image][et_pb_text _builder_version=&#8221;3.2&#8243; text_font=&#8221;||||||||&#8221; text_text_color=&#8221;#e09900&#8243; text_orientation=&#8221;center&#8221;]<strong>Richard Hooker<\/strong><\/p>\n<p style=\"text-align: justify\">[\/et_pb_text][et_pb_text _builder_version=&#8221;3.2&#8243; text_font=&#8221;||||||||&#8221; text_orientation=&#8221;center&#8221;]<span style=\"font-weight: 300;font-size: small\"><span style=\"color: #222222;font-style: normal;letter-spacing: normal;text-align: left;background-color: #ffffff\"><strong>Richard Hooker<\/strong> foi um pastor Anglicano e um <\/span><span style=\"color: #222222;font-style: normal;letter-spacing: normal;text-align: left;background-color: #ffffff\">influente te\u00f3logo. A \u00eanfase de Hooker na raz\u00e3o e na toler\u00e2ncia influenciaram bastante o desenvolvimento do Anglicanismo.\u00a0<\/span><\/span> <span style=\"font-weight: 300;font-size: small\"><span style=\"color: #222222\">(Mar\u00e7o de 1554 \u2014 3 de novembro de 1600)<\/span><\/span><\/p>\n<p style=\"text-align: justify\">[\/et_pb_text][\/et_pb_column][et_pb_column type=&#8221;2_3&#8243; _builder_version=&#8221;3.0.47&#8243; parallax=&#8221;off&#8221; parallax_method=&#8221;on&#8221;][et_pb_text _builder_version=&#8221;3.2&#8243; text_font=&#8221;||||||||&#8221; text_orientation=&#8221;justified&#8221;]<\/p>\n<h1><strong>SER ANGLICANO SIGNIFICA<\/strong><\/h1>\n<p style=\"text-align: justify\"><span style=\"background-color: #ffffff;font-size: 13px;color: #555544;font-family: tahoma, 'Trebuchet MS', lucida, helvetica, sans-serif\">Ser parte da Igreja Universal de Cristo, sem excluir ou isolar-se de outros crist\u00e3os. Participar da vida do povo de Deus, com sua alegrias e tristezas. Pertencer a uma comunidade onde cada pessoa \u00e9 respeitada em sua individualidade e pode utilizar os seus talentos. Apresentar uma teologia baseada nas Escrituras Sagradas e na Tradi\u00e7\u00e3o, coerente com a intelig\u00eancia e com a raz\u00e3o. Estar disposto a celebrar a unidade na diversidade. Considerar com seriedade as Escrituras Sagradas, sem crer que cada passagem deva ser interpretada literalmente. Preferir a liberdade em Cristo, mais do que a uniformidade de opini\u00f5es.<\/span><br style=\"color: #555544;font-family: tahoma, 'Trebuchet MS', lucida, helvetica, sans-serif;font-size: 13px\" \/><br style=\"color: #555544;font-family: tahoma, 'Trebuchet MS', lucida, helvetica, sans-serif;font-size: 13px\" \/><span style=\"background-color: #ffffff;font-size: 13px;color: #555544;font-family: tahoma, 'Trebuchet MS', lucida, helvetica, sans-serif\">Sentir devo\u00e7\u00e3o e rever\u00eancia pelos Sacramentos, sem tentar definir cada ponto desses grandes mist\u00e9rios. Conceber o minist\u00e9rio como dever e privil\u00e9gio de todos os batizados. Insistir na moralidade (aquilo que \u00e9 bom e edifica) e evitar o moralismo (que define a salva\u00e7\u00e3o decorrente de uma conduta e n\u00e3o pela obra de Cristo). Participar da heran\u00e7a apost\u00f3lica, a f\u00e9 no Evangelho de Cristo. Ser parte de uma hist\u00f3ria antiga e sagrada, que se renova a cada dia. Crer que a Igreja \u00e9 de todos e que todos t\u00eam o privil\u00e9gio de sustent\u00e1-la segundo a possibilidade de cada um. Participar da administra\u00e7\u00e3o e do governa da Igreja segundo a ordem estabelecida. Pertencer a uma fam\u00edlia internacional, intercultural e inter-racial, que por mandato de Cristo, proclama o Evangelho at\u00e9 o \u00faltimo rinc\u00e3o da terra.<\/span><br style=\"color: #555544;font-family: tahoma, 'Trebuchet MS', lucida, helvetica, sans-serif;font-size: 13px\" \/><span style=\"background-color: #ffffff;font-size: 13px;color: #555544;font-family: tahoma, 'Trebuchet MS', lucida, helvetica, sans-serif\">(Cartaz afixado na Catedral de Cantu\u00e1ria em 1988, por ocasi\u00e3o da confer\u00eancia de Lambeth)<\/span><\/p>\n<p style=\"text-align: justify\">[\/et_pb_text][\/et_pb_column][\/et_pb_row][et_pb_row _builder_version=&#8221;3.2&#8243;][et_pb_column type=&#8221;1_2&#8243; _builder_version=&#8221;3.0.47&#8243; parallax=&#8221;off&#8221; parallax_method=&#8221;on&#8221;][et_pb_image src=&#8221;https:\/\/www.anglicananobrasil.com\/on\/wp-content\/uploads\/2018\/07\/CREDOS-01.png&#8221; _builder_version=&#8221;3.2&#8243;][\/et_pb_image][\/et_pb_column][et_pb_column type=&#8221;1_2&#8243; _builder_version=&#8221;3.0.47&#8243; parallax=&#8221;off&#8221; parallax_method=&#8221;on&#8221;][et_pb_divider show_divider=&#8221;off&#8221; height=&#8221;100px&#8221; disabled_on=&#8221;on|off|off&#8221; _builder_version=&#8221;3.2&#8243; custom_margin_last_edited=&#8221;on|tablet&#8221;][\/et_pb_divider][et_pb_text _builder_version=&#8221;3.2&#8243; text_font=&#8221;|700||on|||||&#8221; text_orientation=&#8221;center&#8221;]<span style=\"font-size: xx-large\">credos\u00a0<span style=\"color: #fcbf00\">Hist\u00f3ricos<\/span><\/span><\/p>\n<p style=\"text-align: justify\">[\/et_pb_text][et_pb_button button_url=&#8221;https:\/\/drive.google.com\/open?id=1XzF1eqUZXlj0tnow0PYlcBw9B6QwgCee&#8221; url_new_window=&#8221;on&#8221; button_text=&#8221;Download&#8221; button_alignment=&#8221;center&#8221; _builder_version=&#8221;3.3.1&#8243; custom_button=&#8221;on&#8221; button_text_color=&#8221;#ffffff&#8221; button_bg_color=&#8221;#0c71c3&#8243; button_border_width=&#8221;0px&#8221; button_border_color=&#8221;#e09900&#8243; button_border_radius=&#8221;0px&#8221; button_letter_spacing=&#8221;4px&#8221; button_font=&#8221;||||||||&#8221; button_icon=&#8221;%%24%%&#8221; button_icon_color=&#8221;#ffffff&#8221; button_text_color_hover=&#8221;#ffffff&#8221; button_bg_color_hover=&#8221;#e09900&#8243;][\/et_pb_button][\/et_pb_column][\/et_pb_row][\/et_pb_section]<\/p>\n","protected":false},"excerpt":{"rendered":"<p>NOSSA F\u00c9Aqui voc\u00ea \u00e9 Bem Vindo!#UmaFam\u00edliaParaPertenceros 39 artigos\u00a0de religi\u00e3oOs Trinta e Nove Artigos da Religi\u00e3o foram estabelecidos em 1563, e est\u00e3o definindo a doutrina anglicana, em rela\u00e7\u00e3o \u00e0s controv\u00e9rsias da Reforma Inglesa; especialmente na rela\u00e7\u00e3o com a doutrina calvinista e cat\u00f3lica romana, bem como as pr\u00e1ticas da Igreja Anglicana. O nome \u00e9 comumente abreviado para [&hellip;]<\/p>\n","protected":false},"author":1,"featured_media":0,"parent":0,"menu_order":0,"comment_status":"closed","ping_status":"closed","template":"","meta":{"_et_pb_use_builder":"on","_et_pb_old_content":"","_et_gb_content_width":"","footnotes":""},"class_list":["post-194","page","type-page","status-publish","hentry"],"_links":{"self":[{"href":"https:\/\/www.anglicananobrasil.com\/on\/wp-json\/wp\/v2\/pages\/194","targetHints":{"allow":["GET"]}}],"collection":[{"href":"https:\/\/www.anglicananobrasil.com\/on\/wp-json\/wp\/v2\/pages"}],"about":[{"href":"https:\/\/www.anglicananobrasil.com\/on\/wp-json\/wp\/v2\/types\/page"}],"author":[{"embeddable":true,"href":"https:\/\/www.anglicananobrasil.com\/on\/wp-json\/wp\/v2\/users\/1"}],"replies":[{"embeddable":true,"href":"https:\/\/www.anglicananobrasil.com\/on\/wp-json\/wp\/v2\/comments?post=194"}],"version-history":[{"count":0,"href":"https:\/\/www.anglicananobrasil.com\/on\/wp-json\/wp\/v2\/pages\/194\/revisions"}],"wp:attachment":[{"href":"https:\/\/www.anglicananobrasil.com\/on\/wp-json\/wp\/v2\/media?parent=194"}],"curies":[{"name":"wp","href":"https:\/\/api.w.org\/{rel}","templated":true}]}}