{"id":173,"date":"2018-07-20T21:10:26","date_gmt":"2018-07-20T21:10:26","guid":{"rendered":"https:\/\/www.anglicananobrasil.com\/on\/?page_id=173"},"modified":"2020-02-27T22:35:34","modified_gmt":"2020-02-27T22:35:34","slug":"fale-conosco","status":"publish","type":"page","link":"https:\/\/www.anglicananobrasil.com\/on\/fale-conosco\/","title":{"rendered":"FALE CONOSCO"},"content":{"rendered":"<p>[et_pb_section fb_built=&#8221;1&#8243; next_background_color=&#8221;#ffffff&#8221; _builder_version=&#8221;3.22&#8243; background_color=&#8221;#000000&#8243; use_background_color_gradient=&#8221;on&#8221; background_color_gradient_start=&#8221;rgba(165,104,0,0.73)&#8221; background_color_gradient_end=&#8221;#ffffff&#8221; background_image=&#8221;https:\/\/www.anglicananobrasil.com\/on\/wp-content\/uploads\/2018\/07\/32332004_967035563456154_4270441916048343040_o.jpg&#8221; background_size=&#8221;initial&#8221; background_blend=&#8221;multiply&#8221; custom_padding=&#8221;170px|0px|81px|0px|false|false&#8221; mix_blend_mode=&#8221;color-dodge&#8221; bottom_divider_style=&#8221;asymmetric2&#8243;][et_pb_row _builder_version=&#8221;3.25&#8243;][et_pb_column type=&#8221;4_4&#8243; _builder_version=&#8221;3.25&#8243; custom_padding=&#8221;|||&#8221; custom_padding__hover=&#8221;|||&#8221;][et_pb_image src=&#8221;https:\/\/www.anglicananobrasil.com\/on\/wp-content\/uploads\/2018\/07\/IAB-LOGO.png&#8221; align=&#8221;center&#8221; align_tablet=&#8221;center&#8221; align_last_edited=&#8221;on|desktop&#8221; _builder_version=&#8221;3.23&#8243;][\/et_pb_image][\/et_pb_column][\/et_pb_row][et_pb_row _builder_version=&#8221;3.25&#8243; background_size=&#8221;initial&#8221; background_position=&#8221;top_left&#8221; background_repeat=&#8221;repeat&#8221; column_structure=&#8221;1_2,1_2&#8243;][et_pb_column type=&#8221;1_2&#8243; _builder_version=&#8221;3.25&#8243; custom_padding=&#8221;|||&#8221; custom_padding__hover=&#8221;|||&#8221;][\/et_pb_column][et_pb_column type=&#8221;1_2&#8243; _builder_version=&#8221;3.25&#8243; custom_padding=&#8221;|||&#8221; custom_padding__hover=&#8221;|||&#8221;][et_pb_text _builder_version=&#8221;3.10.1&#8243;]<\/p>\n<h1><span style=\"color: #ffffff; font-size: 50px;\"><strong>FALE CONOSCO<\/strong><\/span><\/h1>\n<p>[\/et_pb_text][\/et_pb_column][\/et_pb_row][\/et_pb_section][et_pb_section fb_built=&#8221;1&#8243; _builder_version=&#8221;3.22&#8243;][et_pb_row _builder_version=&#8221;3.25&#8243; column_structure=&#8221;1_2,1_2&#8243;][et_pb_column type=&#8221;1_2&#8243; _builder_version=&#8221;3.25&#8243; custom_padding=&#8221;|||&#8221; custom_padding__hover=&#8221;|||&#8221;][et_pb_contact_form title=&#8221;FALE CONOSCO&#8221; module_id=&#8221;et_pb_contact_form_0&#8243; _builder_version=&#8221;3.26.6&#8243; form_field_background_color=&#8221;#D2C4AD&#8221; form_field_text_color=&#8221;#ffffff&#8221; title_font=&#8221;||||||||&#8221; title_text_align=&#8221;center&#8221; form_field_font=&#8221;|700|||||||&#8221; custom_button=&#8221;on&#8221; button_text_color=&#8221;#a5906d&#8221; button_font=&#8221;||||||||&#8221; text_orientation=&#8221;left&#8221; form_background_color=&#8221;#D2C4AD&#8221; email=&#8221;uchoagc@outlook.com  &#8221; custom_message=&#8221;Nome: %%Name%%||et_pb_line_break_holder||E-mail: %%Mail%%||et_pb_line_break_holder||||et_pb_line_break_holder||Mensagem: ||et_pb_line_break_holder||||et_pb_line_break_holder||%%message%%||et_pb_line_break_holder||||et_pb_line_break_holder||||et_pb_line_break_holder||||et_pb_line_break_holder||||et_pb_line_break_holder||||et_pb_line_break_holder||=============||et_pb_line_break_holder||Este e-mail foi encaminhado do Servidor Cloud da Igreja ANglicana no Brasil | Prov\u00edncia GAFCON no BRASIL,  mantenha o servi\u00e7o de resposta atualizado, caso precise de ajude ou informa\u00e7\u00f5es contate o suporte pelo WhatsApp  (85) 9.9757.6076.&#8221;][et_pb_contact_field field_id=&#8221;Name&#8221; field_title=&#8221;Nome&#8221; _builder_version=&#8221;3.26.6&#8243; border_radii=&#8221;on||||&#8221; button_text_size__hover_enabled=&#8221;off&#8221; button_one_text_size__hover_enabled=&#8221;off&#8221; button_two_text_size__hover_enabled=&#8221;off&#8221; button_text_color__hover_enabled=&#8221;off&#8221; button_one_text_color__hover_enabled=&#8221;off&#8221; button_two_text_color__hover_enabled=&#8221;off&#8221; button_border_width__hover_enabled=&#8221;off&#8221; button_one_border_width__hover_enabled=&#8221;off&#8221; button_two_border_width__hover_enabled=&#8221;off&#8221; button_border_color__hover_enabled=&#8221;off&#8221; button_one_border_color__hover_enabled=&#8221;off&#8221; button_two_border_color__hover_enabled=&#8221;off&#8221; button_border_radius__hover_enabled=&#8221;off&#8221; button_one_border_radius__hover_enabled=&#8221;off&#8221; button_two_border_radius__hover_enabled=&#8221;off&#8221; button_letter_spacing__hover_enabled=&#8221;off&#8221; button_one_letter_spacing__hover_enabled=&#8221;off&#8221; button_two_letter_spacing__hover_enabled=&#8221;off&#8221; button_bg_color__hover_enabled=&#8221;off&#8221; button_one_bg_color__hover_enabled=&#8221;off&#8221; button_two_bg_color__hover_enabled=&#8221;off&#8221;][\/et_pb_contact_field][et_pb_contact_field field_id=&#8221;Email&#8221; field_title=&#8221;E-mail&#8221; field_type=&#8221;email&#8221; _builder_version=&#8221;3.16&#8243; border_radii=&#8221;on||||&#8221; button_text_size__hover_enabled=&#8221;off&#8221; button_one_text_size__hover_enabled=&#8221;off&#8221; button_two_text_size__hover_enabled=&#8221;off&#8221; button_text_color__hover_enabled=&#8221;off&#8221; button_one_text_color__hover_enabled=&#8221;off&#8221; button_two_text_color__hover_enabled=&#8221;off&#8221; button_border_width__hover_enabled=&#8221;off&#8221; button_one_border_width__hover_enabled=&#8221;off&#8221; button_two_border_width__hover_enabled=&#8221;off&#8221; button_border_color__hover_enabled=&#8221;off&#8221; button_one_border_color__hover_enabled=&#8221;off&#8221; button_two_border_color__hover_enabled=&#8221;off&#8221; button_border_radius__hover_enabled=&#8221;off&#8221; button_one_border_radius__hover_enabled=&#8221;off&#8221; button_two_border_radius__hover_enabled=&#8221;off&#8221; button_letter_spacing__hover_enabled=&#8221;off&#8221; button_one_letter_spacing__hover_enabled=&#8221;off&#8221; button_two_letter_spacing__hover_enabled=&#8221;off&#8221; button_bg_color__hover_enabled=&#8221;off&#8221; button_one_bg_color__hover_enabled=&#8221;off&#8221; button_two_bg_color__hover_enabled=&#8221;off&#8221;][\/et_pb_contact_field][et_pb_contact_field field_id=&#8221;Message&#8221; field_title=&#8221;Mensagem&#8221; field_type=&#8221;text&#8221; fullwidth_field=&#8221;on&#8221; _builder_version=&#8221;3.16&#8243; border_radii=&#8221;on||||&#8221; button_text_size__hover_enabled=&#8221;off&#8221; button_one_text_size__hover_enabled=&#8221;off&#8221; button_two_text_size__hover_enabled=&#8221;off&#8221; button_text_color__hover_enabled=&#8221;off&#8221; button_one_text_color__hover_enabled=&#8221;off&#8221; button_two_text_color__hover_enabled=&#8221;off&#8221; button_border_width__hover_enabled=&#8221;off&#8221; button_one_border_width__hover_enabled=&#8221;off&#8221; button_two_border_width__hover_enabled=&#8221;off&#8221; button_border_color__hover_enabled=&#8221;off&#8221; button_one_border_color__hover_enabled=&#8221;off&#8221; button_two_border_color__hover_enabled=&#8221;off&#8221; button_border_radius__hover_enabled=&#8221;off&#8221; button_one_border_radius__hover_enabled=&#8221;off&#8221; button_two_border_radius__hover_enabled=&#8221;off&#8221; button_letter_spacing__hover_enabled=&#8221;off&#8221; button_one_letter_spacing__hover_enabled=&#8221;off&#8221; button_two_letter_spacing__hover_enabled=&#8221;off&#8221; button_bg_color__hover_enabled=&#8221;off&#8221; button_one_bg_color__hover_enabled=&#8221;off&#8221; button_two_bg_color__hover_enabled=&#8221;off&#8221;][\/et_pb_contact_field][\/et_pb_contact_form][\/et_pb_column][et_pb_column type=&#8221;1_2&#8243; _builder_version=&#8221;3.25&#8243; custom_padding=&#8221;|||&#8221; custom_padding__hover=&#8221;|||&#8221;][et_pb_blurb title=&#8221;CATEDRAL NACIONAL&#8221; use_icon=&#8221;on&#8221; font_icon=&#8221;%%122%%&#8221; icon_color=&#8221;#ffffff&#8221; use_circle=&#8221;on&#8221; circle_color=&#8221;#D2C4AD&#8221; icon_placement=&#8221;left&#8221; _builder_version=&#8221;3.10.1&#8243; header_level=&#8221;h3&#8243; header_font=&#8221;|700|||||||&#8221;]<\/p>\n<p><span>IGREJA ANGLICANA DO ESP\u00cdRITO SANTO<\/span><br \/><strong>Endere\u00e7o<\/strong><span>:\u00a0Av. Bernardo Vieira de Melo 1200, Piedade,\u00a0Jaboat\u00e3o dos Guararapes.<\/span><\/p>\n<p>[\/et_pb_blurb][et_pb_blurb title=&#8221;E-MAIL&#8221; use_icon=&#8221;on&#8221; font_icon=&#8221;%%109%%&#8221; icon_color=&#8221;#ffffff&#8221; use_circle=&#8221;on&#8221; circle_color=&#8221;#D2C4AD&#8221; icon_placement=&#8221;left&#8221; _builder_version=&#8221;3.10.1&#8243; header_level=&#8221;h3&#8243; header_font=&#8221;|700|||||||&#8221;]<\/p>\n<p><strong>uchoagc@outlook.com<\/strong><\/p>\n<p>[\/et_pb_blurb][et_pb_blurb title=&#8221;TELEFONE&#8221; use_icon=&#8221;on&#8221; font_icon=&#8221;%%264%%&#8221; icon_color=&#8221;#ffffff&#8221; use_circle=&#8221;on&#8221; circle_color=&#8221;#D2C4AD&#8221; icon_placement=&#8221;left&#8221; _builder_version=&#8221;3.10.1&#8243; header_level=&#8221;h3&#8243; header_font=&#8221;|700|||||||&#8221;]<\/p>\n<p><span>\u00a0+55 (81) 3462.3121<\/span><\/p>\n<p>[\/et_pb_blurb][\/et_pb_column][\/et_pb_row][\/et_pb_section][et_pb_section fb_built=&#8221;1&#8243; _builder_version=&#8221;3.22&#8243;][et_pb_row use_custom_gutter=&#8221;on&#8221; gutter_width=&#8221;2&#8243; make_equal=&#8221;on&#8221; _builder_version=&#8221;3.25&#8243; column_structure=&#8221;1_2,1_2&#8243;][et_pb_column type=&#8221;1_2&#8243; _builder_version=&#8221;3.25&#8243; custom_padding=&#8221;|||&#8221; custom_padding__hover=&#8221;|||&#8221;][et_pb_toggle title=&#8221;DIOCESE DE RECIFE&#8221; icon_color=&#8221;#a5906d&#8221; _builder_version=&#8221;3.10.1&#8243; title_text_color=&#8221;#a5906d&#8221; title_font=&#8221;|700|||||||&#8221;]<\/p>\n<p><strong>CATEDRAL NACIONAL<\/strong><br \/><span>IGREJA ANGLICANA ESP\u00cdRITO SANTO<\/span><br \/><strong>Endere\u00e7o<\/strong><span>:\u00a0Av. Bernardo Vieira de Melo 1200, Piedade,\u00a0Jaboat\u00e3o dos Guararapes.<\/span><br \/><strong>Fone<\/strong><span>: +55 (81) 3462.3121<\/span><br \/><strong>E-mail: uchoagc@outlook.com<span>\u00a0<\/span><\/strong><\/p>\n<p>[\/et_pb_toggle][et_pb_toggle title=&#8221;DIOCESE DE JO\u00c3O PESSOA&#8221; icon_color=&#8221;#a5906d&#8221; _builder_version=&#8221;3.10.1&#8243; title_text_color=&#8221;#a5906d&#8221; title_font=&#8221;|700|||||||&#8221;]<\/p>\n<p><strong>CATEDRAL COMUNH\u00c3O<\/strong><\/p>\n<p>Rua. Fernando Honorato Pereira, 154 \u2013 Bessa. Jo\u00e3o Pessoa \u2013 PB.<br \/> <strong>Telefone:<\/strong> +55 (83) 9.9689.0619<br \/> <strong>E-mail:<\/strong> secretariadjp@gmail.com<\/p>\n<p>[\/et_pb_toggle][et_pb_toggle title=&#8221;DIOCESE DE VIT\u00d3RIA&#8221; icon_color=&#8221;#a5906d&#8221; _builder_version=&#8221;3.10.1&#8243; title_text_color=&#8221;#a5906d&#8221; title_font=&#8221;|700|||||||&#8221;]<\/p>\n<p><strong>CATEDRAL DA RESSURREI\u00c7\u00c3O<\/strong><br \/>Endere\u00e7o: Rua Capit\u00e3o Mateus Ricardo n 81 Livramento<br \/>Fone 81-992146407<br \/>secretaria.dv@anglicananobrasil.com<\/p>\n<p>[\/et_pb_toggle][\/et_pb_column][et_pb_column type=&#8221;1_2&#8243; _builder_version=&#8221;3.25&#8243; custom_padding=&#8221;|||&#8221; custom_padding__hover=&#8221;|||&#8221;][et_pb_tabs _builder_version=&#8221;3.10.1&#8243;][et_pb_tab title=&#8221;SERVI\u00c7O DE COMUNICA\u00c7\u00c3O&#8221; _builder_version=&#8221;3.10.1&#8243;]<\/p>\n<p><strong>Fone<\/strong><span>: +55 (81) 3462.3121<\/span><br \/><strong>E-mail: uchoagc@outlook.com<\/strong><\/p>\n<p>[\/et_pb_tab][et_pb_tab title=&#8221;SECRETARIA PROVINCIAL&#8221; _builder_version=&#8221;3.10.1&#8243;]<\/p>\n<p><strong>Endere\u00e7o<\/strong><span>:\u00a0Av. Bernardo Vieira de Melo 1200, Piedade,\u00a0Jaboat\u00e3o dos Guararapes.<\/span><br \/><strong>Fone<\/strong><span>: +55 (81) 3462.3121<\/span><br \/><strong>E-mail: <\/strong>secretaria@anglicananobrasil.com\u00a0<\/p>\n<p>[\/et_pb_tab][\/et_pb_tabs][\/et_pb_column][\/et_pb_row][\/et_pb_section][et_pb_section fb_built=&#8221;1&#8243; fullwidth=&#8221;on&#8221; _builder_version=&#8221;3.22&#8243; custom_padding=&#8221;0px|0px|0|0px|false|false&#8221; bottom_divider_color=&#8221;#D2C4AD&#8221;][et_pb_fullwidth_map address=&#8221;Av. Bernardo Vieira de Melo, 1200 &#8211; Centro, Jaboat\u00e3o dos Guararapes &#8211; PE, 54080-310, Brasil&#8221; zoom_level=&#8221;17&#8243; address_lat=&#8221;-8.163064&#8243; address_lng=&#8221;-34.9136603&#8243; _builder_version=&#8221;3.10.1&#8243;][et_pb_map_pin title=&#8221;CATEDRAL NACIONAL&#8221; pin_address=&#8221;Av. Bernardo Vieira de Melo, 1200 &#8211; Centro, Jaboat\u00e3o dos Guararapes &#8211; PE, 54080-310, Brasil&#8221; pin_address_lat=&#8221;-8.163064&#8243; pin_address_lng=&#8221;-34.9136603&#8243; _builder_version=&#8221;3.10.1&#8243;]<\/p>\n<p><span>IGREJA ANGLICANA DO ESP\u00cdRITO SANTO<\/span><br \/><strong>Endere\u00e7o<\/strong><span>:\u00a0Av. Bernardo Vieira de Melo 1200, Piedade,\u00a0Jaboat\u00e3o dos Guararapes.<\/span><br \/><strong>Fone<\/strong><span>:<\/span><br \/><strong>E-mail:<\/strong><\/p>\n<p>[\/et_pb_map_pin][\/et_pb_fullwidth_map][\/et_pb_section]<\/p>\n","protected":false},"excerpt":{"rendered":"<p>FALE CONOSCOIGREJA ANGLICANA DO ESP\u00cdRITO SANTOEndere\u00e7o:\u00a0Av. Bernardo Vieira de Melo 1200, Piedade,\u00a0Jaboat\u00e3o dos Guararapes.uchoagc@outlook.com\u00a0+55 (81) 3462.3121CATEDRAL NACIONALIGREJA ANGLICANA ESP\u00cdRITO SANTOEndere\u00e7o:\u00a0Av. Bernardo Vieira de Melo 1200, Piedade,\u00a0Jaboat\u00e3o dos Guararapes.Fone: +55 (81) 3462.3121E-mail: uchoagc@outlook.com\u00a0CATEDRAL COMUNH\u00c3O Rua. Fernando Honorato Pereira, 154 \u2013 Bessa. Jo\u00e3o Pessoa \u2013 PB. Telefone: +55 (83) 9.9689.0619 E-mail: secretariadjp@gmail.comCATEDRAL DA RESSURREI\u00c7\u00c3OEndere\u00e7o: Rua Capit\u00e3o Mateus [&hellip;]<\/p>\n","protected":false},"author":1,"featured_media":0,"parent":0,"menu_order":0,"comment_status":"closed","ping_status":"closed","template":"","meta":{"_et_pb_use_builder":"on","_et_pb_old_content":"","_et_gb_content_width":"","footnotes":""},"class_list":["post-173","page","type-page","status-publish","hentry"],"_links":{"self":[{"href":"https:\/\/www.anglicananobrasil.com\/on\/wp-json\/wp\/v2\/pages\/173","targetHints":{"allow":["GET"]}}],"collection":[{"href":"https:\/\/www.anglicananobrasil.com\/on\/wp-json\/wp\/v2\/pages"}],"about":[{"href":"https:\/\/www.anglicananobrasil.com\/on\/wp-json\/wp\/v2\/types\/page"}],"author":[{"embeddable":true,"href":"https:\/\/www.anglicananobrasil.com\/on\/wp-json\/wp\/v2\/users\/1"}],"replies":[{"embeddable":true,"href":"https:\/\/www.anglicananobrasil.com\/on\/wp-json\/wp\/v2\/comments?post=173"}],"version-history":[{"count":0,"href":"https:\/\/www.anglicananobrasil.com\/on\/wp-json\/wp\/v2\/pages\/173\/revisions"}],"wp:attachment":[{"href":"https:\/\/www.anglicananobrasil.com\/on\/wp-json\/wp\/v2\/media?parent=173"}],"curies":[{"name":"wp","href":"https:\/\/api.w.org\/{rel}","templated":true}]}}