{"id":104,"date":"2018-07-20T14:47:44","date_gmt":"2018-07-20T14:47:44","guid":{"rendered":"https:\/\/www.anglicananobrasil.com\/on\/?page_id=104"},"modified":"2018-07-25T20:16:25","modified_gmt":"2018-07-25T20:16:25","slug":"quem-somos","status":"publish","type":"page","link":"https:\/\/www.anglicananobrasil.com\/on\/quem-somos\/","title":{"rendered":"QUEM SOMOS"},"content":{"rendered":"<p>[et_pb_section fb_built=&#8221;1&#8243; fullwidth=&#8221;on&#8221; _builder_version=&#8221;3.10.1&#8243; custom_padding=&#8221;0px|0px|0|0px|false|false&#8221; bottom_divider_style=&#8221;mountains2&#8243; bottom_divider_color=&#8221;#ffffff&#8221;][et_pb_fullwidth_slider _builder_version=&#8221;3.10.1&#8243;][et_pb_slide background_color=&#8221;rgba(0,0,0,0.32)&#8221; background_blend=&#8221;multiply&#8221; heading=&#8221;IGREJA ANGLICANA NO BRASIL&#8221; _builder_version=&#8221;3.10.1&#8243; background_image=&#8221;https:\/\/www.anglicananobrasil.com\/on\/wp-content\/uploads\/2018\/07\/32608986_967038710122506_6581443726445379584_o.jpg&#8221; header_font=&#8221;|700|||||||&#8221; header_text_align=&#8221;center&#8221;]<\/p>\n<p><span style=\"font-size: xx-large;\"><strong>QUEM SOMOS<\/strong><\/span><\/p>\n<p>[\/et_pb_slide][\/et_pb_fullwidth_slider][\/et_pb_section][et_pb_section fb_built=&#8221;1&#8243; _builder_version=&#8221;3.10.1&#8243; bottom_divider_style=&#8221;wave2&#8243; bottom_divider_color=&#8221;#D2C4AD&#8221;][et_pb_row _builder_version=&#8221;3.10.1&#8243;][et_pb_column type=&#8221;4_4&#8243; _builder_version=&#8221;3.10.1&#8243; parallax=&#8221;off&#8221; parallax_method=&#8221;on&#8221;][et_pb_image align=&#8221;center&#8221; src=&#8221;https:\/\/www.anglicananobrasil.com\/on\/wp-content\/uploads\/2018\/07\/IAB-LOGO-2.png&#8221; _builder_version=&#8221;3.10.1&#8243;][\/et_pb_image][et_pb_text _builder_version=&#8221;3.10.1&#8243;]<\/p>\n<h3 style=\"text-align: justify;\"><b>QUEM SOMOS<\/b><\/h3>\n<p style=\"text-align: justify;\">A igreja Anglicana no Brasil \u00e9 uma igreja de tradi\u00e7\u00e3o anglicana, que nasce a partir das comunidades, pastores e pastoras que foram excomungadas da Igreja Episcopal Anglicana do Brasil em 2005, por estarem em desacordo com essa denomina\u00e7\u00e3o no que diz respeito \u00e0 normalidade da pr\u00e1tica homossexual \u00a0e a ordena\u00e7\u00e3o de pessoas dela praticantes ao sagrado minist\u00e9rio pastoral. \u00c0 \u00e9poca, o ent\u00e3o Bispo Diocesano, Robinson Cavalcanti, liderou sua diocese na dire\u00e7\u00e3o de conscientemente concordar em obedecer \u00e0 Resolu\u00e7\u00e3o 1.10 da Confer\u00eancia de Lambeth de 1998 (Confer\u00eancia de todos os bispos anglicanos do globo que ocorre a cada dez anos), onde se l\u00ea:<\/p>\n<p style=\"text-align: justify;\">RESOLU\u00c7AO 1.10 \u2013 Sexualidade Humana Esta Confer\u00eancia:<\/p>\n<ol style=\"text-align: justify;\">\n<li>a) recomenda \u00e0 igreja o relat\u00f3rio da subse\u00e7\u00e3o sobre sexualidade humana;<\/li>\n<li>d)\u00a0<b>ao mesmo tempo em que rejeita a pr\u00e1tica homossexual como incompat\u00edvel com as Escrituras<\/b>, solicita a todas as pessoas que auxiliem, de maneira sens\u00edvel e pastoral, todas as pessoas, independente de sua orienta\u00e7\u00e3o sexual, escondem o medo irracional aos homossexuais, a viol\u00eancia no casamento e toda banaliza\u00e7\u00e3o e comercializa\u00e7\u00e3o do sexo;<\/li>\n<li>e)\u00a0<b>n\u00e3o pode recomendar a legitimidade ou a b\u00ean\u00e7\u00e3o de uni\u00f5es do mesmo sexo, nem ordenar aqueles que est\u00e3o envolvidos em uni\u00f5es do mesmo g\u00eanero;<\/b><\/li>\n<li>f) solicita aos Bispos Primazes e ao Conselho Consultivo Anglicano que estabele\u00e7am meios para monitorar o trabalho realizado sobre a sexualidade humana na Comunh\u00e3o Anglicana e compartilhar informes e recursos entre n\u00f3s;<\/li>\n<\/ol>\n<p style=\"text-align: justify;\">Acatamos essa resolu\u00e7\u00e3o na \u00edntegra, e rompemos rela\u00e7\u00f5es com todas as Prov\u00edncias, dioceses, par\u00f3quias, cl\u00e9rigos e institui\u00e7\u00f5es que decidiram seguir pelo caminho oposto.<\/p>\n<p style=\"text-align: justify;\">Depois disso, durante 14 anos a Diocese Anglicana do Recife funcionou como uma diocese sem uma Prov\u00edncia a que filiar-se. Em 2008, centenas de bispos anglicanos evang\u00e9licos e fi\u00e9is \u00e0s Escrituras se negaram a ir \u00e0 Confer\u00eancia de Lambeth porque o arcebispo da Cantu\u00e1ria n\u00e3o tomou nenhuma atitude quanto a sagra\u00e7\u00e3o de um bispo norte-americano (Gene Robinson) homossexual praticante e ent\u00e3o vivendo maritalmente com um parceiro. Ao inv\u00e9s disso, decidiu-se pela organiza\u00e7\u00e3o da 1\u00aa Confer\u00eancia Global sobre o Futuro do Anglicanismo (GAFCON), que mais tarde veio a se tornar um movimento que hoje envolve as principais prov\u00edncias da Comunh\u00e3o Anglicana. Hoje, o GAFCON \u00e9 a\u00a0<b><i>Fraternidade de Confessantes Anglicanos<\/i><\/b>\u00a0e engloba 10 Prov\u00edncias Anglicanas espalhadas pelo mundo. Ainda como diocese, fomos reconhecidos como leg\u00edtima igreja anglicana pela maioria da membresia da Comunh\u00e3o Anglicana.<\/p>\n<p style=\"text-align: justify;\">Em 12 de Maio deste ano de 2018, devido ao crescimento da nossa Igreja no Brasil, tivemos o privil\u00e9gio de formar a Prov\u00edncia da Igreja Anglicana no Brasil, com 3 dioceses, 74 cl\u00e9rigos (as) e 54 comunidades. Imediatamente, fomos reconhecidos e recebidos no Movimento Sul Global, tamb\u00e9m parte da Comunh\u00e3o Anglicana.<\/p>\n<p style=\"text-align: justify;\">\u00a0\u00a0\u00a0\u00a0A Igreja Anglicana no Brasil n\u00e3o \u00e9 reconhecida pela S\u00e9 da Cantu\u00e1ria como parte da Comunh\u00e3o Anglicana \u201coficial\u201d. Existem diferentes corpos eclesi\u00e1sticos de tradi\u00e7\u00e3o anglicana e n\u00f3s entendemos que para ser anglicano n\u00e3o se faz necess\u00e1ria tal filia\u00e7\u00e3o. A bem da verdade, e de acordo com a tend\u00eancia teol\u00f3gica da Cantu\u00e1ria, teremos de discutir uma eventual futura filia\u00e7\u00e3o com toda a igreja. De qualquer forma, atualmente, somos uma Prov\u00edncia Anglicana reconhecida pela maioria da Comunh\u00e3o Anglicana.<\/p>\n<h3 style=\"text-align: justify;\"><b>COM QUEM COMUNGAMOS<\/b><\/h3>\n<p style=\"text-align: justify;\">Comungamos, dentro do mundo Anglicano, com diferentes prov\u00edncias e nos relacionamos com Prov\u00edncias, Dioceses, Par\u00f3quias e cl\u00e9rigos em todo mundo. Nos relacionamos, somos reconhecidos e estamos do mesmo lado dos anglicanos hist\u00f3ricos, somos herdeiros do pensamento de anglicanos como John Wesley, C.S. Lewis, J. Stott, somos parceiros na miss\u00e3o de homens como Michael Green, J.A Packer, Alister Mc Grath, N.T. Wright, Christopher Wright \u00a0e outros.<\/p>\n<p style=\"text-align: justify;\">Mantemos estreito relacionamento com minist\u00e9rios e l\u00edderes evang\u00e9licos em volta do globo. No Brasil, tamb\u00e9m somos parte da Rede Inspire, que envolve aproximadamente 400 igrejas de diferentes denomina\u00e7\u00f5es, al\u00e9m de manter estreito relacionamento com as principais igrejas evang\u00e9licas do Pa\u00eds. Comungamos com toda e qualquer igreja que creia nas Sagradas Escrituras do Novo e do Antigo Testamento como sendo a Palavra viva de Deus.<\/p>\n<h3 style=\"text-align: justify;\"><b>NO QUE CREMOS<\/b><\/h3>\n<p style=\"text-align: justify;\">A Igreja Anglicana no Brasil, inicialmente, cr\u00ea nas Sagradas Escrituras do Novo e do Antigo testamento como inspirada Palavra de Deus, e a temos como regra de f\u00e9 e pr\u00e1tica, de acordo com o artigo VI dos 39 artigos da Declara\u00e7\u00e3o de F\u00e9 da Reforma Inglesa.<\/p>\n<p style=\"text-align: justify;\"><i>Acreditamos que Escrituras cont\u00e9m todas as coisas necess\u00e1rias para a salva\u00e7\u00e3o, de modo\u00a0<\/i><i>que tudo o que nela n\u00e3o se l\u00ea, nem por ela se pode provar, n\u00e3o deve ser exigido de pessoa alguma que seja crido como artigo de F\u00e9 ou julgado como exigido ou necess\u00e1rio para a salva\u00e7\u00e3o. E por Escrituras Sagradas entendemos os Livros can\u00f4nicos do Antigo e do Novo Testamento, de cuja autoridade jamais houve qualquer d\u00favida na Igreja.<\/i><\/p>\n<ul style=\"text-align: justify;\">\n<li>\u00a0\u00a0\u00a0\u00a0\u00a0\u00a0\u00a0\u00a0Acatamos os 39 artigos de religi\u00e3o, mola mestra da reforma inglesa<\/li>\n<li>\u00a0\u00a0\u00a0\u00a0\u00a0\u00a0\u00a0\u00a0Cremos na salva\u00e7\u00e3o pessoal pela gra\u00e7a \u00a0e mediante a f\u00e9, intermediada exclusivamente por Jesus Cristo como \u00fanico e suficiente salvador.<\/li>\n<li>\u00a0\u00a0\u00a0\u00a0\u00a0\u00a0\u00a0\u00a0Cremos na Ressurrei\u00e7\u00e3o do corpo e na vida eterna<\/li>\n<li>\u00a0\u00a0\u00a0\u00a0\u00a0\u00a0\u00a0\u00a0Cremos na necessidade da convers\u00e3o pessoal para a obten\u00e7\u00e3o da vida eterna com Deus<\/li>\n<li>\u00a0\u00a0\u00a0\u00a0\u00a0\u00a0\u00a0\u00a0Cremos em uma igreja hist\u00f3rica, mission\u00e1ria e contempor\u00e2nea<\/li>\n<li>\u00a0\u00a0\u00a0\u00a0\u00a0\u00a0\u00a0\u00a0Cremos que o matrim\u00f4nio \u00e9 um estado sagrado, vivido, necessariamente, entre um homem e uma mulher, e o que v\u00e1 al\u00e9m disso consideramos \u201can\u00e1tema\u201d<\/li>\n<\/ul>\n<p style=\"text-align: justify;\"><b>Rela\u00e7\u00e3o com a Igreja Episcopal Anglicana do Brasil<\/b><\/p>\n<p style=\"text-align: justify;\">\u00a0\u00a0\u00a0\u00a0Desde 2005, n\u00e3o temos nenhum tipo de relacionamento com essa institui\u00e7\u00e3o religiosa, pelos motivos acima citados e por entendermos que ela se afastou tanto das Sagradas Escrituras quanto dos formul\u00e1rios e decis\u00f5es da Comunh\u00e3o Anglicana.<\/p>\n<p style=\"text-align: justify;\">\u00a0\u00a0\u00a0\u00a0Para os que desejarem conhecer mais um pouco sobre nossa Igreja e nossos relacionamentos, seguem links que podem esclarecer ainda mais essa realidade.<\/p>\n<p style=\"text-align: justify;\">Por fim, queremos dizer que Somos Anglicanos, Somos evang\u00e9licos, Somos B\u00edblicos, Somos conservadores, Somos tudo aquilo que A Palavra de Deus, a B\u00edblia Sagrada, nos direciona a ser.<\/p>\n<p style=\"text-align: justify;\">\n<p>[\/et_pb_text][\/et_pb_column][\/et_pb_row][et_pb_row _builder_version=&#8221;3.10.1&#8243;][et_pb_column type=&#8221;4_4&#8243; _builder_version=&#8221;3.10.1&#8243; parallax=&#8221;off&#8221; parallax_method=&#8221;on&#8221;][et_pb_text _builder_version=&#8221;3.10.1&#8243;]<\/p>\n<p style=\"text-align: center;\"><strong>Miguel Uch\u00f4a Cavalcanti<\/strong><\/p>\n<p style=\"text-align: center;\">Bispo Primaz da Igreja Anglicana no Brasil<\/p>\n<p style=\"text-align: center;\">Diocesano de Recife<\/p>\n<p style=\"text-align: center;\"><strong>M\u00e1rcio Sim\u00f5es<\/strong><\/p>\n<p style=\"text-align: center;\">Bispo da Diocese de Vit\u00f3ria PE<\/p>\n<p style=\"text-align: center;\"><strong>M\u00e1rcio Meira<\/strong><\/p>\n<p style=\"text-align: center;\">Bispo da Diocese de Jo\u00e3o Pessoa PB<\/p>\n<p style=\"text-align: center;\"><strong>Flavio Adair<\/strong><\/p>\n<p style=\"text-align: center;\">Bispo Auxiliar de Recife<\/p>\n<p style=\"text-align: center;\"><strong>Evil\u00e1sio Ten\u00f3rio<\/strong><\/p>\n<p style=\"text-align: center;\">Bispo Auxiliar de Recife<\/p>\n<p>[\/et_pb_text][\/et_pb_column][\/et_pb_row][\/et_pb_section]<\/p>\n","protected":false},"excerpt":{"rendered":"<p>QUEM SOMOSQUEM SOMOS A igreja Anglicana no Brasil \u00e9 uma igreja de tradi\u00e7\u00e3o anglicana, que nasce a partir das comunidades, pastores e pastoras que foram excomungadas da Igreja Episcopal Anglicana do Brasil em 2005, por estarem em desacordo com essa denomina\u00e7\u00e3o no que diz respeito \u00e0 normalidade da pr\u00e1tica homossexual \u00a0e a ordena\u00e7\u00e3o de pessoas [&hellip;]<\/p>\n","protected":false},"author":1,"featured_media":0,"parent":0,"menu_order":0,"comment_status":"closed","ping_status":"closed","template":"","meta":{"_et_pb_use_builder":"on","_et_pb_old_content":"","_et_gb_content_width":"","footnotes":""},"class_list":["post-104","page","type-page","status-publish","hentry"],"_links":{"self":[{"href":"https:\/\/www.anglicananobrasil.com\/on\/wp-json\/wp\/v2\/pages\/104","targetHints":{"allow":["GET"]}}],"collection":[{"href":"https:\/\/www.anglicananobrasil.com\/on\/wp-json\/wp\/v2\/pages"}],"about":[{"href":"https:\/\/www.anglicananobrasil.com\/on\/wp-json\/wp\/v2\/types\/page"}],"author":[{"embeddable":true,"href":"https:\/\/www.anglicananobrasil.com\/on\/wp-json\/wp\/v2\/users\/1"}],"replies":[{"embeddable":true,"href":"https:\/\/www.anglicananobrasil.com\/on\/wp-json\/wp\/v2\/comments?post=104"}],"version-history":[{"count":0,"href":"https:\/\/www.anglicananobrasil.com\/on\/wp-json\/wp\/v2\/pages\/104\/revisions"}],"wp:attachment":[{"href":"https:\/\/www.anglicananobrasil.com\/on\/wp-json\/wp\/v2\/media?parent=104"}],"curies":[{"name":"wp","href":"https:\/\/api.w.org\/{rel}","templated":true}]}}